{"id":4392,"date":"2022-08-24T10:22:52","date_gmt":"2022-08-24T09:22:52","guid":{"rendered":"https:\/\/patiodovale.com\/reservar\/"},"modified":"2023-05-20T12:10:05","modified_gmt":"2023-05-20T11:10:05","slug":"reservar","status":"publish","type":"page","link":"https:\/\/patiodovale.com\/pt-pt\/reservar\/","title":{"rendered":"reservar"},"content":{"rendered":"<section class=\"l-section wpb_row height_medium\"><div class=\"l-section-h i-cf\"><div class=\"g-cols vc_row via_flex valign_top type_default stacking_default\"><div class=\"vc_col-sm-12 wpb_column vc_column_container\"><div class=\"vc_column-inner\"><div class=\"wpb_wrapper\">[vc_custom_heading text=&#8221;Informa\u00e7\u00e3o I pedido de reserva&#8221; font_container=&#8221;tag:h1|text_align:left&#8221; use_theme_fonts=&#8221;yes&#8221;]<div class=\"g-cols wpb_row via_flex valign_top type_default stacking_default\"><div class=\"vc_col-sm-6 wpb_column vc_column_container\"><div class=\"vc_column-inner\"><div class=\"wpb_wrapper\"><form class=\"w-form  us-field-style_1 reserveer layout_ver show_message_after_sending for_cform us_form_1\" action=\"https:\/\/patiodovale.com\/pt-pt\/wp-json\/wp\/v2\/pages\/4392\" method=\"post\"><div class=\"w-form-h\"><div class=\"w-form-row for_text has_label required with_icon\">\r\n\t\t\t<div class=\"w-form-row-label\">\r\n\t\t\t<span>Seu nome *<\/span>\r\n\t\t<\/div>\r\n\t\t<div class=\"w-form-row-field\">\r\n\t\t\t\t<i class=\"fas fa-user\"><\/i>\t\t<input aria-label=\"Seu nome\" type=\"text\" name=\"us_form_1_text_1\" value placeholder=\"Nome\" data-required=\"true\" aria-required=\"true\"\/>\r\n\t\t\t<\/div>\r\n\t\t<div class=\"w-form-row-state\">Fill out this field<\/div>\r\n<\/div>\r\n<div class=\"w-form-row for_email has_label required with_icon\">\r\n\t\t\t<div class=\"w-form-row-label\">\r\n\t\t\t<span>Email *<\/span>\r\n\t\t<\/div>\r\n\t\t<div class=\"w-form-row-field\">\r\n\t\t\t\t<i class=\"fas fa-envelope\"><\/i>\t\t<input aria-label=\"Email\" type=\"email\" name=\"us_form_1_email_1\" value placeholder=\"Email\" data-required=\"true\" aria-required=\"true\"\/>\r\n\t\t\t<\/div>\r\n\t\t<div class=\"w-form-row-state\">Por favor insira um endere\u00e7o de email v\u00e1lido.<\/div>\r\n<\/div>\r\n<div class=\"w-form-row for_text has_label required with_icon\">\r\n\t\t\t<div class=\"w-form-row-label\">\r\n\t\t\t<span>Telefone  *<\/span>\r\n\t\t<\/div>\r\n\t\t<div class=\"w-form-row-field\">\r\n\t\t\t\t<i class=\"fas fa-phone-alt\"><\/i>\t\t<input aria-label=\"Telefone \" type=\"text\" name=\"us_form_1_text_2\" value placeholder data-required=\"true\" aria-required=\"true\"\/>\r\n\t\t\t<\/div>\r\n\t\t<div class=\"w-form-row-state\">Fill out this field<\/div>\r\n<\/div>\r\n<div class=\"w-form-row for_date has_label with_icon cols_2\">\r\n\t\t\t<div class=\"w-form-row-label\">\r\n\t\t\t<span>Data de chegada<\/span>\r\n\t\t<\/div>\r\n\t\t<div class=\"w-form-row-field\">\r\n\t\t\t\t<i class=\"fas fa-calendar-day\"><\/i>\t\t<input type=\"text\" name=\"us_form_1_date_1\" value inputmode=\"none\" data-date-format=\"d MM yy\" aria-label=\"Data de chegada\" placeholder\/>\r\n\t\t\t<\/div>\r\n\t\t<div class=\"w-form-row-state\">Fill out this field<\/div>\r\n<\/div>\r\n<div class=\"w-form-row for_date has_label with_icon cols_2\">\r\n\t\t\t<div class=\"w-form-row-label\">\r\n\t\t\t<span>Data de partida<\/span>\r\n\t\t<\/div>\r\n\t\t<div class=\"w-form-row-field\">\r\n\t\t\t\t<i class=\"fas fa-calendar-day\"><\/i>\t\t<input type=\"text\" name=\"us_form_1_date_2\" value inputmode=\"none\" data-date-format=\"d MM yy\" aria-label=\"Data de partida\" placeholder\/>\r\n\t\t\t<\/div>\r\n\t\t<div class=\"w-form-row-state\">Fill out this field<\/div>\r\n<\/div>\r\n<div class=\"w-form-row for_select has_label with_icon\">\r\n\t\t\t<div class=\"w-form-row-label\">\r\n\t\t\t<span>Numero de passoas<\/span>\r\n\t\t<\/div>\r\n\t\t<div class=\"w-form-row-field\">\r\n\t\t\t\t<i class=\"fas fa-users\"><\/i>\t\t<select aria-label=\"Numero de passoas\" name=\"us_form_1_select_1\">\r\n\t\t\t<option value=\"1\">1<\/option><option value=\"2\">2<\/option><option value=\"3\">3<\/option><option value=\"4\">4<\/option><option value=\"4\">4<\/option><option value=\"5\">5<\/option><option value=\"6\">6<\/option><option value=\"7\">7<\/option><option value=\"8\">8<\/option><option value=\"9\">9<\/option><option value=\"10\">10<\/option>\t\t<\/select>\r\n\t\t\t<\/div>\r\n\t\t<div class=\"w-form-row-state\">Select an option<\/div>\r\n<\/div>\r\n<div class=\"w-form-row for_textarea has_label with_icon\">\r\n\t\t\t<div class=\"w-form-row-label\">\r\n\t\t\t<span>Coment\u00e1rios ou perguntas<\/span>\r\n\t\t<\/div>\r\n\t\t<div class=\"w-form-row-field\">\r\n\t\t\t\t<i class=\"fas fa-edit\"><\/i>\t\t<textarea aria-label=\"Coment\u00e1rios ou perguntas\" name=\"us_form_1_textarea_1\" placeholder><\/textarea>\r\n\t\t\t<\/div>\r\n\t\t<div class=\"w-form-row-state\">Fill out this field<\/div>\r\n<\/div>\r\n<input type=\"hidden\" name=\"action\" value=\"us_ajax_cform\" \/>\r\n<input type=\"hidden\" name=\"post_id\" value=\"0\" \/>\r\n<input type=\"hidden\" name=\"form_index\" value=\"1\" \/>\r\n<div class=\"w-form-row for_submit align_none\"><button class=\"w-btn us-btn-style_1 icon_atleft\" type=\"submit\" aria-label=\"Submeter\"><span class=\"g-preloader type_1\"><\/span><i class=\"fas fa-inbox-out\"><\/i><span class=\"w-btn-label\">Submeter<\/span><\/button><\/div><\/div><div class=\"w-form-message\"><\/div><div class=\"w-form-json hidden\" onclick='return {&quot;ajaxurl&quot;:&quot;https:\\\/\\\/patiodovale.com\\\/wp-admin\\\/admin-ajax.php&quot;,&quot;messages&quot;:{&quot;err_empty&quot;:&quot;Fill out this field&quot;,&quot;err_size&quot;:&quot;File size cannot exceed %s MB&quot;,&quot;err_extension&quot;:&quot;%s file type is not allowed&quot;,&quot;err_recaptcha_keys&quot;:&quot;reCAPTCHA keys are incorrect&quot;}}'><\/div><\/form><\/div><\/div><\/div><div class=\"vc_col-sm-6 wpb_column vc_column_container\"><div class=\"vc_column-inner\"><div class=\"wpb_wrapper\"><div class=\"wpb_text_column\"><div class=\"wpb_wrapper\"><p>Se voc\u00ea tiver alguma d\u00favida, pedido especial ou se quiser reservar um quarto, \u00e9 s\u00f3 nos avisar!<\/p>\n<\/div><\/div><\/div><\/div><\/div><\/div><\/div><\/div><\/div><\/div><\/div><\/section>\n","protected":false},"excerpt":{"rendered":"[vc_custom_heading text=\"Informa\u00e7\u00e3o I pedido de reserva\" font_container=\"tag:h1|text_align:left\" use_theme_fonts=\"yes\"] Seu nome * Fill out this field Email * Por favor insira um endere\u00e7o de email v\u00e1lido. Telefone * Fill out this field Data de chegada Fill out this field Data de partida Fill out this field Numero de passoas 123445678910 Select an option Coment\u00e1rios ou perguntas...","protected":false},"author":3,"featured_media":0,"parent":0,"menu_order":0,"comment_status":"closed","ping_status":"closed","template":"","meta":{"_acf_changed":false,"footnotes":""},"class_list":["post-4392","page","type-page","status-publish","hentry"],"acf":[],"yoast_head":"<!-- This site is optimized with the Yoast SEO plugin v27.5 - https:\/\/yoast.com\/product\/yoast-seo-wordpress\/ -->\n<title>reservar | P\u00e1tio do Vale<\/title>\n<meta name=\"robots\" content=\"index, follow, max-snippet:-1, max-image-preview:large, max-video-preview:-1\" \/>\n<link rel=\"canonical\" href=\"https:\/\/patiodovale.com\/pt-pt\/reservar\/\" \/>\n<meta property=\"og:locale\" content=\"pt_PT\" \/>\n<meta property=\"og:type\" content=\"article\" \/>\n<meta property=\"og:title\" content=\"reservar | P\u00e1tio do Vale\" \/>\n<meta property=\"og:url\" content=\"https:\/\/patiodovale.com\/pt-pt\/reservar\/\" \/>\n<meta property=\"og:site_name\" content=\"P\u00e1tio do Vale\" \/>\n<meta property=\"article:modified_time\" content=\"2023-05-20T11:10:05+00:00\" \/>\n<meta name=\"twitter:card\" content=\"summary_large_image\" \/>\n<meta name=\"twitter:label1\" content=\"Tempo estimado de leitura\" \/>\n\t<meta name=\"twitter:data1\" content=\"3 minutos\" \/>\n<script type=\"application\/ld+json\" class=\"yoast-schema-graph\">{\"@context\":\"https:\\\/\\\/schema.org\",\"@graph\":[{\"@type\":\"WebPage\",\"@id\":\"https:\\\/\\\/patiodovale.com\\\/pt-pt\\\/reservar\\\/\",\"url\":\"https:\\\/\\\/patiodovale.com\\\/pt-pt\\\/reservar\\\/\",\"name\":\"reservar | P\u00e1tio do Vale\",\"isPartOf\":{\"@id\":\"https:\\\/\\\/patiodovale.com\\\/pt-pt\\\/#website\"},\"datePublished\":\"2022-08-24T09:22:52+00:00\",\"dateModified\":\"2023-05-20T11:10:05+00:00\",\"breadcrumb\":{\"@id\":\"https:\\\/\\\/patiodovale.com\\\/pt-pt\\\/reservar\\\/#breadcrumb\"},\"inLanguage\":\"pt-PT\",\"potentialAction\":[{\"@type\":\"ReadAction\",\"target\":[\"https:\\\/\\\/patiodovale.com\\\/pt-pt\\\/reservar\\\/\"]}]},{\"@type\":\"BreadcrumbList\",\"@id\":\"https:\\\/\\\/patiodovale.com\\\/pt-pt\\\/reservar\\\/#breadcrumb\",\"itemListElement\":[{\"@type\":\"ListItem\",\"position\":1,\"name\":\"Home\",\"item\":\"https:\\\/\\\/patiodovale.com\\\/pt-pt\\\/\"},{\"@type\":\"ListItem\",\"position\":2,\"name\":\"reservar\"}]},{\"@type\":\"WebSite\",\"@id\":\"https:\\\/\\\/patiodovale.com\\\/pt-pt\\\/#website\",\"url\":\"https:\\\/\\\/patiodovale.com\\\/pt-pt\\\/\",\"name\":\"P\u00e1tio do Vale\",\"description\":\"A wonderful B&amp;B on the Portuguese Silver Coast\",\"publisher\":{\"@id\":\"https:\\\/\\\/patiodovale.com\\\/pt-pt\\\/#organization\"},\"potentialAction\":[{\"@type\":\"SearchAction\",\"target\":{\"@type\":\"EntryPoint\",\"urlTemplate\":\"https:\\\/\\\/patiodovale.com\\\/pt-pt\\\/?s={search_term_string}\"},\"query-input\":{\"@type\":\"PropertyValueSpecification\",\"valueRequired\":true,\"valueName\":\"search_term_string\"}}],\"inLanguage\":\"pt-PT\"},{\"@type\":\"Organization\",\"@id\":\"https:\\\/\\\/patiodovale.com\\\/pt-pt\\\/#organization\",\"name\":\"P\u00e1tio do Vale\",\"url\":\"https:\\\/\\\/patiodovale.com\\\/pt-pt\\\/\",\"logo\":{\"@type\":\"ImageObject\",\"inLanguage\":\"pt-PT\",\"@id\":\"https:\\\/\\\/patiodovale.com\\\/pt-pt\\\/#\\\/schema\\\/logo\\\/image\\\/\",\"url\":\"https:\\\/\\\/patiodovale.com\\\/wp-content\\\/uploads\\\/2022\\\/08\\\/logo-patio-do-vale-op-witte-basis-voor-header_400x440px_final.jpg\",\"contentUrl\":\"https:\\\/\\\/patiodovale.com\\\/wp-content\\\/uploads\\\/2022\\\/08\\\/logo-patio-do-vale-op-witte-basis-voor-header_400x440px_final.jpg\",\"width\":1668,\"height\":1835,\"caption\":\"P\u00e1tio do Vale\"},\"image\":{\"@id\":\"https:\\\/\\\/patiodovale.com\\\/pt-pt\\\/#\\\/schema\\\/logo\\\/image\\\/\"}}]}<\/script>\n<!-- \/ Yoast SEO plugin. -->","yoast_head_json":{"title":"reservar | P\u00e1tio do Vale","robots":{"index":"index","follow":"follow","max-snippet":"max-snippet:-1","max-image-preview":"max-image-preview:large","max-video-preview":"max-video-preview:-1"},"canonical":"https:\/\/patiodovale.com\/pt-pt\/reservar\/","og_locale":"pt_PT","og_type":"article","og_title":"reservar | P\u00e1tio do Vale","og_url":"https:\/\/patiodovale.com\/pt-pt\/reservar\/","og_site_name":"P\u00e1tio do Vale","article_modified_time":"2023-05-20T11:10:05+00:00","twitter_card":"summary_large_image","twitter_misc":{"Tempo estimado de leitura":"3 minutos"},"schema":{"@context":"https:\/\/schema.org","@graph":[{"@type":"WebPage","@id":"https:\/\/patiodovale.com\/pt-pt\/reservar\/","url":"https:\/\/patiodovale.com\/pt-pt\/reservar\/","name":"reservar | P\u00e1tio do Vale","isPartOf":{"@id":"https:\/\/patiodovale.com\/pt-pt\/#website"},"datePublished":"2022-08-24T09:22:52+00:00","dateModified":"2023-05-20T11:10:05+00:00","breadcrumb":{"@id":"https:\/\/patiodovale.com\/pt-pt\/reservar\/#breadcrumb"},"inLanguage":"pt-PT","potentialAction":[{"@type":"ReadAction","target":["https:\/\/patiodovale.com\/pt-pt\/reservar\/"]}]},{"@type":"BreadcrumbList","@id":"https:\/\/patiodovale.com\/pt-pt\/reservar\/#breadcrumb","itemListElement":[{"@type":"ListItem","position":1,"name":"Home","item":"https:\/\/patiodovale.com\/pt-pt\/"},{"@type":"ListItem","position":2,"name":"reservar"}]},{"@type":"WebSite","@id":"https:\/\/patiodovale.com\/pt-pt\/#website","url":"https:\/\/patiodovale.com\/pt-pt\/","name":"P\u00e1tio do Vale","description":"A wonderful B&amp;B on the Portuguese Silver Coast","publisher":{"@id":"https:\/\/patiodovale.com\/pt-pt\/#organization"},"potentialAction":[{"@type":"SearchAction","target":{"@type":"EntryPoint","urlTemplate":"https:\/\/patiodovale.com\/pt-pt\/?s={search_term_string}"},"query-input":{"@type":"PropertyValueSpecification","valueRequired":true,"valueName":"search_term_string"}}],"inLanguage":"pt-PT"},{"@type":"Organization","@id":"https:\/\/patiodovale.com\/pt-pt\/#organization","name":"P\u00e1tio do Vale","url":"https:\/\/patiodovale.com\/pt-pt\/","logo":{"@type":"ImageObject","inLanguage":"pt-PT","@id":"https:\/\/patiodovale.com\/pt-pt\/#\/schema\/logo\/image\/","url":"https:\/\/patiodovale.com\/wp-content\/uploads\/2022\/08\/logo-patio-do-vale-op-witte-basis-voor-header_400x440px_final.jpg","contentUrl":"https:\/\/patiodovale.com\/wp-content\/uploads\/2022\/08\/logo-patio-do-vale-op-witte-basis-voor-header_400x440px_final.jpg","width":1668,"height":1835,"caption":"P\u00e1tio do Vale"},"image":{"@id":"https:\/\/patiodovale.com\/pt-pt\/#\/schema\/logo\/image\/"}}]}},"_links":{"self":[{"href":"https:\/\/patiodovale.com\/pt-pt\/wp-json\/wp\/v2\/pages\/4392","targetHints":{"allow":["GET"]}}],"collection":[{"href":"https:\/\/patiodovale.com\/pt-pt\/wp-json\/wp\/v2\/pages"}],"about":[{"href":"https:\/\/patiodovale.com\/pt-pt\/wp-json\/wp\/v2\/types\/page"}],"author":[{"embeddable":true,"href":"https:\/\/patiodovale.com\/pt-pt\/wp-json\/wp\/v2\/users\/3"}],"replies":[{"embeddable":true,"href":"https:\/\/patiodovale.com\/pt-pt\/wp-json\/wp\/v2\/comments?post=4392"}],"version-history":[{"count":0,"href":"https:\/\/patiodovale.com\/pt-pt\/wp-json\/wp\/v2\/pages\/4392\/revisions"}],"wp:attachment":[{"href":"https:\/\/patiodovale.com\/pt-pt\/wp-json\/wp\/v2\/media?parent=4392"}],"curies":[{"name":"wp","href":"https:\/\/api.w.org\/{rel}","templated":true}]}}