{"id":4385,"date":"2022-09-05T12:00:20","date_gmt":"2022-09-05T11:00:20","guid":{"rendered":"https:\/\/patiodovale.com\/pedacos-e-mordidas\/"},"modified":"2023-02-10T21:00:05","modified_gmt":"2023-02-10T21:00:05","slug":"pedacos-e-mordidas","status":"publish","type":"page","link":"https:\/\/patiodovale.com\/pt-pt\/pedacos-e-mordidas\/","title":{"rendered":"peda\u00e7os e mordidas"},"content":{"rendered":"<section class=\"l-section wpb_row height_medium\"><div class=\"l-section-h i-cf\"><div class=\"g-cols vc_row via_flex valign_top type_default stacking_default\"><div class=\"vc_col-sm-12 wpb_column vc_column_container\"><div class=\"vc_column-inner\"><div class=\"wpb_wrapper\">[vc_custom_heading text=&#8221;Peda\u00e7os e mordidas frescos e com produtos locais&#8221; font_container=&#8221;tag:h1|text_align:left&#8221;]<div class=\"g-cols wpb_row via_flex valign_middle type_default stacking_default\"><div class=\"vc_col-sm-6 wpb_column vc_column_container\"><div class=\"vc_column-inner\"><div class=\"wpb_wrapper\"><div class=\"wpb_text_column\"><div class=\"wpb_wrapper\"><p><span style=\"color: #4c8eaa;\"><strong>Delicioso caf\u00e9 da manh\u0101<\/strong><\/span><br \/>\nDe manh\u00e3 preparamos um delicioso pequeno-almo\u00e7o para quem quiser, com sumo fresco, ovos frescos, iogurte com granola caseira, fruta fresca &#8211; com um pouco de sorte e na \u00e9poca certa &#8211; direto da horta! A padaria local oferece uma variedade de p\u00e3es rec\u00e9m-sa\u00eddos do forno. Que melhor maneira de come\u00e7ar o seu dia?<\/p>\n<p><span style=\"color: #4c8eaa;\"><strong>A Cozinha ao ar livre<\/strong><\/span><br \/>\nA acolhedora cozinha exterior est\u00e1 totalmente equipada e \u00e0 sua disposi\u00e7\u00e3o durante a sua estadia. Al\u00e9m disso, podes sempre e a qualquer hora do dia pegar uma bebida no frigorifico. H\u00e1 refrigerantes frescos, cervejas, vinhos locais e alguns petiscos. Acompanha o que usas na lista de quartos, muito pr\u00e1ctico e f\u00e1cil! Caf\u00e9, ch\u00e1 e limonada fresca est\u00e3o tamb\u00e9m sempre dispon\u00edveis.<\/p>\n<p><span style=\"color: #4c8eaa;\"><strong>Pet\u00edscos &amp; Coquet\u00e9is<\/strong><\/span><br \/>\n&#8216;Pet\u00edscos&#8217; \u00e9 a nossa palavra portuguesa para &#8216;tapas&#8217;\u2026 e n\u00f3s adoramos! Temos um pequeno menu com deliciosos petiscos, todos confeccionados com iguarias locais.<\/p>\n<p>Imagine chegar em &#8216;casa&#8217; depois de um dia na a praia e terem explorado a regi\u00e3o e n\u00e3o ter que fazer nada al\u00e9m de recostar-se e relaxar no jardim ou na piscina, onde podes relembrar o lindo dia enquanto saboreias um petisco local e um delicioso coquetail\u2026Aproveitando a boa vida!<\/p>\n<\/div><\/div><\/div><\/div><\/div><div class=\"vc_col-sm-6 wpb_column vc_column_container\"><div class=\"vc_column-inner\"><div class=\"wpb_wrapper\"><div class=\"w-image align_center\"><div class=\"w-image-h\"><img decoding=\"async\" width=\"268\" height=\"400\" src=\"https:\/\/patiodovale.com\/wp-content\/uploads\/2022\/12\/K-R-RUUD-bbq-plus-vector-zwart-268x400.png\" class=\"attachment-us_600_400 size-us_600_400\" alt=\"\" loading=\"lazy\" srcset=\"https:\/\/patiodovale.com\/wp-content\/uploads\/2022\/12\/K-R-RUUD-bbq-plus-vector-zwart-268x400.png 268w, https:\/\/patiodovale.com\/wp-content\/uploads\/2022\/12\/K-R-RUUD-bbq-plus-vector-zwart-201x300.png 201w, https:\/\/patiodovale.com\/wp-content\/uploads\/2022\/12\/K-R-RUUD-bbq-plus-vector-zwart-686x1024.png 686w, https:\/\/patiodovale.com\/wp-content\/uploads\/2022\/12\/K-R-RUUD-bbq-plus-vector-zwart-134x200.png 134w, https:\/\/patiodovale.com\/wp-content\/uploads\/2022\/12\/K-R-RUUD-bbq-plus-vector-zwart-117x175.png 117w\" sizes=\"auto, (max-width: 268px) 100vw, 268px\" \/><\/div><\/div><\/div><\/div><\/div><\/div><\/div><\/div><\/div><\/div><\/div><\/section>\n","protected":false},"excerpt":{"rendered":"[vc_custom_heading text=\"Peda\u00e7os e mordidas frescos e com produtos locais\" font_container=\"tag:h1|text_align:left\"]Delicioso caf\u00e9 da manh\u0101 De manh\u00e3 preparamos um delicioso pequeno-almo\u00e7o para quem quiser, com sumo fresco, ovos frescos, iogurte com granola caseira, fruta fresca &#8211; com um pouco de sorte e na \u00e9poca certa &#8211; direto da horta! A padaria local oferece uma variedade de p\u00e3es...","protected":false},"author":3,"featured_media":0,"parent":0,"menu_order":0,"comment_status":"closed","ping_status":"closed","template":"","meta":{"_acf_changed":false,"footnotes":""},"class_list":["post-4385","page","type-page","status-publish","hentry"],"acf":[],"yoast_head":"<!-- This site is optimized with the Yoast SEO plugin v27.3 - https:\/\/yoast.com\/product\/yoast-seo-wordpress\/ -->\n<title>peda\u00e7os e mordidas | P\u00e1tio do Vale<\/title>\n<meta name=\"robots\" content=\"index, follow, max-snippet:-1, max-image-preview:large, max-video-preview:-1\" \/>\n<link rel=\"canonical\" href=\"https:\/\/patiodovale.com\/pt-pt\/pedacos-e-mordidas\/\" \/>\n<meta property=\"og:locale\" content=\"pt_PT\" \/>\n<meta property=\"og:type\" content=\"article\" \/>\n<meta property=\"og:title\" content=\"peda\u00e7os e mordidas | P\u00e1tio do Vale\" \/>\n<meta property=\"og:url\" content=\"https:\/\/patiodovale.com\/pt-pt\/pedacos-e-mordidas\/\" \/>\n<meta property=\"og:site_name\" content=\"P\u00e1tio do Vale\" \/>\n<meta property=\"article:modified_time\" content=\"2023-02-10T21:00:05+00:00\" \/>\n<meta name=\"twitter:card\" content=\"summary_large_image\" \/>\n<meta name=\"twitter:label1\" content=\"Tempo estimado de leitura\" \/>\n\t<meta name=\"twitter:data1\" content=\"1 minuto\" \/>\n<script type=\"application\/ld+json\" class=\"yoast-schema-graph\">{\"@context\":\"https:\\\/\\\/schema.org\",\"@graph\":[{\"@type\":\"WebPage\",\"@id\":\"https:\\\/\\\/patiodovale.com\\\/pt-pt\\\/pedacos-e-mordidas\\\/\",\"url\":\"https:\\\/\\\/patiodovale.com\\\/pt-pt\\\/pedacos-e-mordidas\\\/\",\"name\":\"peda\u00e7os e mordidas | P\u00e1tio do Vale\",\"isPartOf\":{\"@id\":\"https:\\\/\\\/patiodovale.com\\\/pt-pt\\\/#website\"},\"datePublished\":\"2022-09-05T11:00:20+00:00\",\"dateModified\":\"2023-02-10T21:00:05+00:00\",\"breadcrumb\":{\"@id\":\"https:\\\/\\\/patiodovale.com\\\/pt-pt\\\/pedacos-e-mordidas\\\/#breadcrumb\"},\"inLanguage\":\"pt-PT\",\"potentialAction\":[{\"@type\":\"ReadAction\",\"target\":[\"https:\\\/\\\/patiodovale.com\\\/pt-pt\\\/pedacos-e-mordidas\\\/\"]}]},{\"@type\":\"BreadcrumbList\",\"@id\":\"https:\\\/\\\/patiodovale.com\\\/pt-pt\\\/pedacos-e-mordidas\\\/#breadcrumb\",\"itemListElement\":[{\"@type\":\"ListItem\",\"position\":1,\"name\":\"Home\",\"item\":\"https:\\\/\\\/patiodovale.com\\\/pt-pt\\\/\"},{\"@type\":\"ListItem\",\"position\":2,\"name\":\"peda\u00e7os e mordidas\"}]},{\"@type\":\"WebSite\",\"@id\":\"https:\\\/\\\/patiodovale.com\\\/pt-pt\\\/#website\",\"url\":\"https:\\\/\\\/patiodovale.com\\\/pt-pt\\\/\",\"name\":\"P\u00e1tio do Vale\",\"description\":\"A wonderful B&amp;B on the Portuguese Silver Coast\",\"publisher\":{\"@id\":\"https:\\\/\\\/patiodovale.com\\\/pt-pt\\\/#organization\"},\"potentialAction\":[{\"@type\":\"SearchAction\",\"target\":{\"@type\":\"EntryPoint\",\"urlTemplate\":\"https:\\\/\\\/patiodovale.com\\\/pt-pt\\\/?s={search_term_string}\"},\"query-input\":{\"@type\":\"PropertyValueSpecification\",\"valueRequired\":true,\"valueName\":\"search_term_string\"}}],\"inLanguage\":\"pt-PT\"},{\"@type\":\"Organization\",\"@id\":\"https:\\\/\\\/patiodovale.com\\\/pt-pt\\\/#organization\",\"name\":\"P\u00e1tio do Vale\",\"url\":\"https:\\\/\\\/patiodovale.com\\\/pt-pt\\\/\",\"logo\":{\"@type\":\"ImageObject\",\"inLanguage\":\"pt-PT\",\"@id\":\"https:\\\/\\\/patiodovale.com\\\/pt-pt\\\/#\\\/schema\\\/logo\\\/image\\\/\",\"url\":\"https:\\\/\\\/patiodovale.com\\\/wp-content\\\/uploads\\\/2022\\\/08\\\/logo-patio-do-vale-op-witte-basis-voor-header_400x440px_final.jpg\",\"contentUrl\":\"https:\\\/\\\/patiodovale.com\\\/wp-content\\\/uploads\\\/2022\\\/08\\\/logo-patio-do-vale-op-witte-basis-voor-header_400x440px_final.jpg\",\"width\":1668,\"height\":1835,\"caption\":\"P\u00e1tio do Vale\"},\"image\":{\"@id\":\"https:\\\/\\\/patiodovale.com\\\/pt-pt\\\/#\\\/schema\\\/logo\\\/image\\\/\"}}]}<\/script>\n<!-- \/ Yoast SEO plugin. -->","yoast_head_json":{"title":"peda\u00e7os e mordidas | P\u00e1tio do Vale","robots":{"index":"index","follow":"follow","max-snippet":"max-snippet:-1","max-image-preview":"max-image-preview:large","max-video-preview":"max-video-preview:-1"},"canonical":"https:\/\/patiodovale.com\/pt-pt\/pedacos-e-mordidas\/","og_locale":"pt_PT","og_type":"article","og_title":"peda\u00e7os e mordidas | P\u00e1tio do Vale","og_url":"https:\/\/patiodovale.com\/pt-pt\/pedacos-e-mordidas\/","og_site_name":"P\u00e1tio do Vale","article_modified_time":"2023-02-10T21:00:05+00:00","twitter_card":"summary_large_image","twitter_misc":{"Tempo estimado de leitura":"1 minuto"},"schema":{"@context":"https:\/\/schema.org","@graph":[{"@type":"WebPage","@id":"https:\/\/patiodovale.com\/pt-pt\/pedacos-e-mordidas\/","url":"https:\/\/patiodovale.com\/pt-pt\/pedacos-e-mordidas\/","name":"peda\u00e7os e mordidas | P\u00e1tio do Vale","isPartOf":{"@id":"https:\/\/patiodovale.com\/pt-pt\/#website"},"datePublished":"2022-09-05T11:00:20+00:00","dateModified":"2023-02-10T21:00:05+00:00","breadcrumb":{"@id":"https:\/\/patiodovale.com\/pt-pt\/pedacos-e-mordidas\/#breadcrumb"},"inLanguage":"pt-PT","potentialAction":[{"@type":"ReadAction","target":["https:\/\/patiodovale.com\/pt-pt\/pedacos-e-mordidas\/"]}]},{"@type":"BreadcrumbList","@id":"https:\/\/patiodovale.com\/pt-pt\/pedacos-e-mordidas\/#breadcrumb","itemListElement":[{"@type":"ListItem","position":1,"name":"Home","item":"https:\/\/patiodovale.com\/pt-pt\/"},{"@type":"ListItem","position":2,"name":"peda\u00e7os e mordidas"}]},{"@type":"WebSite","@id":"https:\/\/patiodovale.com\/pt-pt\/#website","url":"https:\/\/patiodovale.com\/pt-pt\/","name":"P\u00e1tio do Vale","description":"A wonderful B&amp;B on the Portuguese Silver Coast","publisher":{"@id":"https:\/\/patiodovale.com\/pt-pt\/#organization"},"potentialAction":[{"@type":"SearchAction","target":{"@type":"EntryPoint","urlTemplate":"https:\/\/patiodovale.com\/pt-pt\/?s={search_term_string}"},"query-input":{"@type":"PropertyValueSpecification","valueRequired":true,"valueName":"search_term_string"}}],"inLanguage":"pt-PT"},{"@type":"Organization","@id":"https:\/\/patiodovale.com\/pt-pt\/#organization","name":"P\u00e1tio do Vale","url":"https:\/\/patiodovale.com\/pt-pt\/","logo":{"@type":"ImageObject","inLanguage":"pt-PT","@id":"https:\/\/patiodovale.com\/pt-pt\/#\/schema\/logo\/image\/","url":"https:\/\/patiodovale.com\/wp-content\/uploads\/2022\/08\/logo-patio-do-vale-op-witte-basis-voor-header_400x440px_final.jpg","contentUrl":"https:\/\/patiodovale.com\/wp-content\/uploads\/2022\/08\/logo-patio-do-vale-op-witte-basis-voor-header_400x440px_final.jpg","width":1668,"height":1835,"caption":"P\u00e1tio do Vale"},"image":{"@id":"https:\/\/patiodovale.com\/pt-pt\/#\/schema\/logo\/image\/"}}]}},"_links":{"self":[{"href":"https:\/\/patiodovale.com\/pt-pt\/wp-json\/wp\/v2\/pages\/4385","targetHints":{"allow":["GET"]}}],"collection":[{"href":"https:\/\/patiodovale.com\/pt-pt\/wp-json\/wp\/v2\/pages"}],"about":[{"href":"https:\/\/patiodovale.com\/pt-pt\/wp-json\/wp\/v2\/types\/page"}],"author":[{"embeddable":true,"href":"https:\/\/patiodovale.com\/pt-pt\/wp-json\/wp\/v2\/users\/3"}],"replies":[{"embeddable":true,"href":"https:\/\/patiodovale.com\/pt-pt\/wp-json\/wp\/v2\/comments?post=4385"}],"version-history":[{"count":0,"href":"https:\/\/patiodovale.com\/pt-pt\/wp-json\/wp\/v2\/pages\/4385\/revisions"}],"wp:attachment":[{"href":"https:\/\/patiodovale.com\/pt-pt\/wp-json\/wp\/v2\/media?parent=4385"}],"curies":[{"name":"wp","href":"https:\/\/api.w.org\/{rel}","templated":true}]}}