{"id":4360,"date":"2022-08-24T10:17:00","date_gmt":"2022-08-24T09:17:00","guid":{"rendered":"https:\/\/patiodovale.com\/quartos\/"},"modified":"2023-02-12T16:29:30","modified_gmt":"2023-02-12T16:29:30","slug":"quartos","status":"publish","type":"page","link":"https:\/\/patiodovale.com\/pt-pt\/quartos\/","title":{"rendered":"quartos"},"content":{"rendered":"<section class=\"l-section wpb_row height_medium\"><div class=\"l-section-h i-cf\"><div class=\"g-cols vc_row via_flex valign_top type_default stacking_default\"><div class=\"vc_col-sm-12 wpb_column vc_column_container\"><div class=\"vc_column-inner\"><div class=\"wpb_wrapper\">[vc_custom_heading text=&#8221;Dormir num lugar que voc\u00ea nunca mais vai querer sair&#8221; font_container=&#8221;tag:h1|text_align:left&#8221; use_theme_fonts=&#8221;yes&#8221;]<div class=\"g-cols wpb_row via_flex valign_top type_default stacking_default\"><div class=\"vc_col-sm-6 wpb_column vc_column_container\"><div class=\"vc_column-inner\"><div class=\"wpb_wrapper\"><div class=\"wpb_text_column us_custom_e6fee446\"><div class=\"wpb_wrapper\"><p><strong>Nossos quartos s\u00e3o espa\u00e7osos, luminosos e encantadores, sem barulho e decorados com muito amor e aten\u00e7\u00e3o. Cada quarto tem uma nova casa de banho privativa e um acolhedor terra\u00e7o privado. <\/strong><\/p>\n<p>Na procura por um neg\u00f3cio sustent\u00e1vel, demos muita aten\u00e7\u00e3o aos nossos quartos e roupas de cama. Afinal, uma boa noite de sono n\u00e3o deixa de ser importante em um B&amp;B. No P\u00e1tio do Vale selecionamos cuidadosamente camas maravilhosas com len\u00e7ois e cobertas da marca de com\u00e9rcio justo.<\/p>\n<p>Esta roupa de cama n\u00e3o s\u00f3 \u00e9 super macia, como tamb\u00e9m \u00e9 feita de 100% algod\u00e3o org\u00e2nico e linho lavado, produzida em Portugal com a maior aten\u00e7\u00e3o poss\u00edvel ao ambiente, \u00e0s pessoas e aos animais.<br \/>\nDorme bem!<\/p>\n<\/div><\/div><\/div><\/div><\/div><div class=\"vc_col-sm-3 wpb_column vc_column_container\"><div class=\"vc_column-inner\"><div class=\"wpb_wrapper\"><div class=\"w-image align_none\"><a title=\"reservar\" href=\"https:\/\/patiodovale.com\/pt-pt\/reservar\/\" aria-label=\"illustratie_P reservar_website pagina rooms_FINAL 11012023\" class=\"w-image-h\"><img decoding=\"async\" width=\"300\" height=\"300\" src=\"https:\/\/patiodovale.com\/wp-content\/uploads\/2023\/01\/illustratie_P-reservar_website-pagina-rooms_FINAL-11012023-300x300.png\" class=\"attachment-medium size-medium\" alt=\"\" loading=\"lazy\" srcset=\"https:\/\/patiodovale.com\/wp-content\/uploads\/2023\/01\/illustratie_P-reservar_website-pagina-rooms_FINAL-11012023-300x300.png 300w, https:\/\/patiodovale.com\/wp-content\/uploads\/2023\/01\/illustratie_P-reservar_website-pagina-rooms_FINAL-11012023-150x150.png 150w, https:\/\/patiodovale.com\/wp-content\/uploads\/2023\/01\/illustratie_P-reservar_website-pagina-rooms_FINAL-11012023-200x200.png 200w, https:\/\/patiodovale.com\/wp-content\/uploads\/2023\/01\/illustratie_P-reservar_website-pagina-rooms_FINAL-11012023-400x400.png 400w, https:\/\/patiodovale.com\/wp-content\/uploads\/2023\/01\/illustratie_P-reservar_website-pagina-rooms_FINAL-11012023-175x175.png 175w, https:\/\/patiodovale.com\/wp-content\/uploads\/2023\/01\/illustratie_P-reservar_website-pagina-rooms_FINAL-11012023.png 1001w\" sizes=\"auto, (max-width: 300px) 100vw, 300px\" \/><\/a><\/div><\/div><\/div><\/div><div class=\"vc_col-sm-3 wpb_column vc_column_container\"><div class=\"vc_column-inner\"><div class=\"wpb_wrapper\"><div class=\"w-popup align_center\"><button class=\"w-popup-trigger type_image\" type=\"button\" aria-label=\"Popup\"><img decoding=\"async\" width=\"300\" height=\"300\" src=\"https:\/\/patiodovale.com\/wp-content\/uploads\/2023\/01\/illustratie_P-precos_website-pagina-rooms_FINAL-11012023-300x300.png\" class=\"attachment-medium size-medium\" alt=\"\" srcset=\"https:\/\/patiodovale.com\/wp-content\/uploads\/2023\/01\/illustratie_P-precos_website-pagina-rooms_FINAL-11012023-300x300.png 300w, https:\/\/patiodovale.com\/wp-content\/uploads\/2023\/01\/illustratie_P-precos_website-pagina-rooms_FINAL-11012023-150x150.png 150w, https:\/\/patiodovale.com\/wp-content\/uploads\/2023\/01\/illustratie_P-precos_website-pagina-rooms_FINAL-11012023-200x200.png 200w, https:\/\/patiodovale.com\/wp-content\/uploads\/2023\/01\/illustratie_P-precos_website-pagina-rooms_FINAL-11012023-400x400.png 400w, https:\/\/patiodovale.com\/wp-content\/uploads\/2023\/01\/illustratie_P-precos_website-pagina-rooms_FINAL-11012023-175x175.png 175w, https:\/\/patiodovale.com\/wp-content\/uploads\/2023\/01\/illustratie_P-precos_website-pagina-rooms_FINAL-11012023.png 1001w\" sizes=\"(max-width: 300px) 100vw, 300px\" \/><\/button><div class=\"w-popup-overlay\" style=\"background:rgba(0,0,0,0.85);\"><\/div><div class=\"w-popup-wrap layout_default\" role=\"dialog\" aria-modal=\"true\" aria-label=\"Popup\" style=\"--title-color:var(--color-content-heading);--title-bg-color:var(--color-content-bg-alt);--content-color:var(--color-content-text);--content-bg-color:var(--color-content-bg);--popup-border-radius:5px;--popup-width:90%;--popup-padding:0.1rem;\"><div class=\"w-popup-box animation_scaleDown closerpos_inside without_title\"><div class=\"w-popup-box-h\"><button aria-label=\"Fechar\" class=\"w-popup-closer\" type=\"button\"><\/button><div class=\"w-popup-box-content\"><section class=\"l-section wpb_row height_medium\"><div class=\"l-section-h i-cf\"><div class=\"g-cols vc_row via_flex valign_top type_default stacking_default\"><div class=\"vc_col-sm-12 wpb_column vc_column_container\"><div class=\"vc_column-inner\"><div class=\"wpb_wrapper\"><div class=\"wpb_text_column\"><div class=\"wpb_wrapper\"><h1>P\u00e1tio do Vale 2026 pre\u00e7os<\/h1>\n<\/div><\/div><div class=\"w-separator size_small\"><\/div><div class=\"g-cols wpb_row via_flex valign_top type_default stacking_default\"><div class=\"vc_col-sm-8 wpb_column vc_column_container\"><div class=\"vc_column-inner\"><div class=\"wpb_wrapper\"><div class=\"wpb_text_column\"><div class=\"wpb_wrapper\"><p>Temos 4 quartos duplos em 1 quarto duplo com 2 quartos espa\u00e7osos separados (crian\u00e7as). Todos os nossos quartos t\u00eam casa de banho privativa, toalhas e roupa da cama.<\/p>\n<p>Nossas tarifas s\u00e3o por quarto\/por noite. Estadia m\u00ednima de 2 noites.<br \/>\nCrian\u00e7as at\u00e9 aos 4 anos gr\u00e1tis, a partir dos 5 anos tem um suplemento de\u00a0\u20ac\u00a010,- por crian\u00e7a por noite.<\/p>\n<p>Tamb\u00e9m \u00e9 poss\u00edvel alugar todos os quartos para pequenos grupos com capacidade m\u00e1xima de 16 pessoas. Se voc\u00ea est\u00e1 interessado em vir ao nosso espa\u00e7o para seu casamento, anivers\u00e1rio ou estadia com fam\u00edlia\/amigos? Envie um e-mail para info@patiodovale.com e diga-nos quais s\u00e3o seus desejos, e analisaremos as possibilidades juntos!<\/p>\n<p>Inclui toalhas, roupa da cama, caf\u00e9, ch\u00e1, limonada e utiliza\u00e7\u00e3o da piscina e cozinha exterior coberta, barbecue, Wifi e IVA, excluindo pequeno-almo\u00e7o.<\/p>\n<p><strong>\u00a0<\/strong><\/p>\n<\/div><\/div><\/div><\/div><\/div><div class=\"vc_col-sm-4 wpb_column vc_column_container\"><div class=\"vc_column-inner\"><div class=\"wpb_wrapper\"><\/div><\/div><\/div><\/div><div class=\"g-cols wpb_row via_flex valign_top type_default stacking_default\"><div class=\"vc_col-sm-12 wpb_column vc_column_container\"><div class=\"vc_column-inner\"><div class=\"wpb_wrapper\"><h2 class=\"red\">Os quartos<\/h2><p>Alegria | P\u00e1tio | Cantinho | M\u00fasica | *Saudade | *Boa onda  | *Fofinha <\/p><p> *Ces chambres ne sont disponibles que si l'ensemble des locaux est r\u00e9serv\u00e9.<\/p><span><table class=\"prijstabel\">\n  <thead>\n  <tr class=\"naam\">\n  <th><\/th>\n      <th colspan=\"2\">Algeria<\/th>\n\t  <th colspan=\"2\">P\u00e1tio<\/th>\n\t  <th colspan=\"2\">Cantinho<\/th>\n\t  <th colspan=\"2\">M\u00fasica<\/th>\n\t \t \n  <\/tr>\n  <tr class=\"dagen\">\n      <th><\/th>\n\t  <th class=\"dag\">Dia<\/th><th class=\"week\">Semana<\/th>\n\t  <th class=\"dag\">Dia<\/th><th class=\"week\">Semana<\/th>\n\t  <th class=\"dag\">Dia<\/th><th class=\"week\">Semana<\/th>\n\t  <th class=\"dag\">Dia<\/th><th class=\"week\">Semana<\/th>\n  <\/tr>\n<\/thead>\n<tbody><\/span><tr class=\"prijs\">\n    <td>Primavera<span style=\"display:block\"><sub>Abr,Mai,Jun<\/sub><span><\/td><td><span class=\"euro\">\u20ac <\/span>85,-<\/td><td><span class=\"euro\">\u20ac <\/span>550,-<\/td><td><span class=\"euro\">\u20ac <\/span>85,-<\/td><td><span class=\"euro\">\u20ac <\/span>550,-<\/td><td><span class=\"euro\">\u20ac <\/span>85,-<\/td><td><span class=\"euro\">\u20ac <\/span>550,-<\/td><td><span class=\"euro\">\u20ac <\/span>85,-<\/td><td><span class=\"euro\">\u20ac <\/span>550,-<\/td><\/tr><tr class=\"prijs\">\n    <td>Ver\u00e3o<span style=\"display:block\"><sub>Jul,Ago,Set<\/sub><span><\/td><td><span class=\"euro\">\u20ac <\/span>95,-<\/td><td><span class=\"euro\">\u20ac <\/span>650,-<\/td><td><span class=\"euro\">\u20ac <\/span>95,-<\/td><td><span class=\"euro\">\u20ac <\/span>650,-<\/td><td><span class=\"euro\">\u20ac <\/span>95,-<\/td><td><span class=\"euro\">\u20ac <\/span>650,-<\/td><td><span class=\"euro\">\u20ac <\/span>95,-<\/td><td><span class=\"euro\">\u20ac <\/span>650,-<\/td><\/tr><tr class=\"prijs\">\n    <td>Outono<span style=\"display:block\"><sub>Out<\/sub><span><\/td><td><span class=\"euro\">\u20ac <\/span>85,-<\/td><td><span class=\"euro\">\u20ac <\/span>550,-<\/td><td><span class=\"euro\">\u20ac <\/span>85,-<\/td><td><span class=\"euro\">\u20ac <\/span>550,-<\/td><td><span class=\"euro\">\u20ac <\/span>85,-<\/td><td><span class=\"euro\">\u20ac <\/span>550,-<\/td><td><span class=\"euro\">\u20ac <\/span>85,-<\/td><td><span class=\"euro\">\u20ac <\/span>550,-<\/td><\/tr><tr class=\"prijs\">\n    <td>Inverno<span style=\"display:block\"><sub>Nov,Dez,Jan,Fev,Mar<\/sub><span><\/td><td><span class=\"euro\">\u20ac <\/span>55,-<\/td><td><span class=\"euro\">\u20ac <\/span>375,-<\/td><td><span class=\"euro\">\u20ac <\/span>55,-<\/td><td><span class=\"euro\">\u20ac <\/span>365,-<\/td><td><span class=\"euro\">\u20ac <\/span>55,-<\/td><td><span class=\"euro\">\u20ac <\/span>365,-<\/td><td><span class=\"euro\">\u20ac <\/span>55,-<\/td><td><span class=\"euro\">\u20ac <\/span>365,-<\/td><\/tr><tr class=\"ontbijt\"><td>Super delicioso pequeno almo\u00e7o <\/td><td colspan=\"2\">Adultos : <span class=\"euro\">\u20ac <\/span>10,-<\/td><td colspan=\"2\">Crian\u00e7as  (6-10 Anos) : <span class=\"euro\">\u20ac <\/span>5,-<\/td><td colspan=\"4\"><\/td><\/tr><\/tbody><\/table>\n<p class=\"opm\">*apenas dispon\u00edvel em combina\u00e7\u00e3o com o quarto saudade<p><\/div><\/div><\/div><\/div><\/div><\/div><\/div><\/div><\/div><\/section>\n<\/div><\/div><\/div><\/div><\/div><\/div><\/div><\/div><\/div><div class=\"g-cols wpb_row via_flex valign_top type_default stacking_default\"><div class=\"vc_col-sm-12 wpb_column vc_column_container\"><div class=\"vc_column-inner\"><div class=\"wpb_wrapper\"><div class=\"w-separator size_small\"><\/div>[vc_custom_heading text=&#8221;Impress\u00e3o&#8221; use_theme_fonts=&#8221;yes&#8221;]<\/div><\/div><\/div><\/div><\/div><\/div><\/div><\/div><\/div><\/section>\n","protected":false},"excerpt":{"rendered":"[vc_custom_heading text=\"Dormir num lugar que voc\u00ea nunca mais vai querer sair\" font_container=\"tag:h1|text_align:left\" use_theme_fonts=\"yes\"]Nossos quartos s\u00e3o espa\u00e7osos, luminosos e encantadores, sem barulho e decorados com muito amor e aten\u00e7\u00e3o. Cada quarto tem uma nova casa de banho privativa e um acolhedor terra\u00e7o privado. Na procura por um neg\u00f3cio sustent\u00e1vel, demos muita aten\u00e7\u00e3o aos nossos quartos e...","protected":false},"author":3,"featured_media":0,"parent":0,"menu_order":0,"comment_status":"closed","ping_status":"closed","template":"","meta":{"_acf_changed":false,"footnotes":""},"class_list":["post-4360","page","type-page","status-publish","hentry"],"acf":[],"yoast_head":"<!-- This site is optimized with the Yoast SEO plugin v27.6 - https:\/\/yoast.com\/product\/yoast-seo-wordpress\/ -->\n<title>quartos | P\u00e1tio do Vale<\/title>\n<meta name=\"robots\" content=\"index, follow, max-snippet:-1, max-image-preview:large, max-video-preview:-1\" \/>\n<link rel=\"canonical\" href=\"https:\/\/patiodovale.com\/pt-pt\/quartos\/\" \/>\n<meta property=\"og:locale\" content=\"pt_PT\" \/>\n<meta property=\"og:type\" content=\"article\" \/>\n<meta property=\"og:title\" content=\"quartos | P\u00e1tio do Vale\" \/>\n<meta property=\"og:url\" content=\"https:\/\/patiodovale.com\/pt-pt\/quartos\/\" \/>\n<meta property=\"og:site_name\" content=\"P\u00e1tio do Vale\" \/>\n<meta property=\"article:modified_time\" content=\"2023-02-12T16:29:30+00:00\" \/>\n<meta name=\"twitter:card\" content=\"summary_large_image\" \/>\n<meta name=\"twitter:label1\" content=\"Tempo estimado de leitura\" \/>\n\t<meta name=\"twitter:data1\" content=\"1 minuto\" \/>\n<script type=\"application\/ld+json\" class=\"yoast-schema-graph\">{\"@context\":\"https:\\\/\\\/schema.org\",\"@graph\":[{\"@type\":\"WebPage\",\"@id\":\"https:\\\/\\\/patiodovale.com\\\/pt-pt\\\/quartos\\\/\",\"url\":\"https:\\\/\\\/patiodovale.com\\\/pt-pt\\\/quartos\\\/\",\"name\":\"quartos | P\u00e1tio do Vale\",\"isPartOf\":{\"@id\":\"https:\\\/\\\/patiodovale.com\\\/pt-pt\\\/#website\"},\"datePublished\":\"2022-08-24T09:17:00+00:00\",\"dateModified\":\"2023-02-12T16:29:30+00:00\",\"breadcrumb\":{\"@id\":\"https:\\\/\\\/patiodovale.com\\\/pt-pt\\\/quartos\\\/#breadcrumb\"},\"inLanguage\":\"pt-PT\",\"potentialAction\":[{\"@type\":\"ReadAction\",\"target\":[\"https:\\\/\\\/patiodovale.com\\\/pt-pt\\\/quartos\\\/\"]}]},{\"@type\":\"BreadcrumbList\",\"@id\":\"https:\\\/\\\/patiodovale.com\\\/pt-pt\\\/quartos\\\/#breadcrumb\",\"itemListElement\":[{\"@type\":\"ListItem\",\"position\":1,\"name\":\"Home\",\"item\":\"https:\\\/\\\/patiodovale.com\\\/pt-pt\\\/\"},{\"@type\":\"ListItem\",\"position\":2,\"name\":\"quartos\"}]},{\"@type\":\"WebSite\",\"@id\":\"https:\\\/\\\/patiodovale.com\\\/pt-pt\\\/#website\",\"url\":\"https:\\\/\\\/patiodovale.com\\\/pt-pt\\\/\",\"name\":\"P\u00e1tio do Vale\",\"description\":\"A wonderful B&amp;B on the Portuguese Silver Coast\",\"publisher\":{\"@id\":\"https:\\\/\\\/patiodovale.com\\\/pt-pt\\\/#organization\"},\"potentialAction\":[{\"@type\":\"SearchAction\",\"target\":{\"@type\":\"EntryPoint\",\"urlTemplate\":\"https:\\\/\\\/patiodovale.com\\\/pt-pt\\\/?s={search_term_string}\"},\"query-input\":{\"@type\":\"PropertyValueSpecification\",\"valueRequired\":true,\"valueName\":\"search_term_string\"}}],\"inLanguage\":\"pt-PT\"},{\"@type\":\"Organization\",\"@id\":\"https:\\\/\\\/patiodovale.com\\\/pt-pt\\\/#organization\",\"name\":\"P\u00e1tio do Vale\",\"url\":\"https:\\\/\\\/patiodovale.com\\\/pt-pt\\\/\",\"logo\":{\"@type\":\"ImageObject\",\"inLanguage\":\"pt-PT\",\"@id\":\"https:\\\/\\\/patiodovale.com\\\/pt-pt\\\/#\\\/schema\\\/logo\\\/image\\\/\",\"url\":\"https:\\\/\\\/patiodovale.com\\\/wp-content\\\/uploads\\\/2022\\\/08\\\/logo-patio-do-vale-op-witte-basis-voor-header_400x440px_final.jpg\",\"contentUrl\":\"https:\\\/\\\/patiodovale.com\\\/wp-content\\\/uploads\\\/2022\\\/08\\\/logo-patio-do-vale-op-witte-basis-voor-header_400x440px_final.jpg\",\"width\":1668,\"height\":1835,\"caption\":\"P\u00e1tio do Vale\"},\"image\":{\"@id\":\"https:\\\/\\\/patiodovale.com\\\/pt-pt\\\/#\\\/schema\\\/logo\\\/image\\\/\"}}]}<\/script>\n<!-- \/ Yoast SEO plugin. -->","yoast_head_json":{"title":"quartos | P\u00e1tio do Vale","robots":{"index":"index","follow":"follow","max-snippet":"max-snippet:-1","max-image-preview":"max-image-preview:large","max-video-preview":"max-video-preview:-1"},"canonical":"https:\/\/patiodovale.com\/pt-pt\/quartos\/","og_locale":"pt_PT","og_type":"article","og_title":"quartos | P\u00e1tio do Vale","og_url":"https:\/\/patiodovale.com\/pt-pt\/quartos\/","og_site_name":"P\u00e1tio do Vale","article_modified_time":"2023-02-12T16:29:30+00:00","twitter_card":"summary_large_image","twitter_misc":{"Tempo estimado de leitura":"1 minuto"},"schema":{"@context":"https:\/\/schema.org","@graph":[{"@type":"WebPage","@id":"https:\/\/patiodovale.com\/pt-pt\/quartos\/","url":"https:\/\/patiodovale.com\/pt-pt\/quartos\/","name":"quartos | P\u00e1tio do Vale","isPartOf":{"@id":"https:\/\/patiodovale.com\/pt-pt\/#website"},"datePublished":"2022-08-24T09:17:00+00:00","dateModified":"2023-02-12T16:29:30+00:00","breadcrumb":{"@id":"https:\/\/patiodovale.com\/pt-pt\/quartos\/#breadcrumb"},"inLanguage":"pt-PT","potentialAction":[{"@type":"ReadAction","target":["https:\/\/patiodovale.com\/pt-pt\/quartos\/"]}]},{"@type":"BreadcrumbList","@id":"https:\/\/patiodovale.com\/pt-pt\/quartos\/#breadcrumb","itemListElement":[{"@type":"ListItem","position":1,"name":"Home","item":"https:\/\/patiodovale.com\/pt-pt\/"},{"@type":"ListItem","position":2,"name":"quartos"}]},{"@type":"WebSite","@id":"https:\/\/patiodovale.com\/pt-pt\/#website","url":"https:\/\/patiodovale.com\/pt-pt\/","name":"P\u00e1tio do Vale","description":"A wonderful B&amp;B on the Portuguese Silver Coast","publisher":{"@id":"https:\/\/patiodovale.com\/pt-pt\/#organization"},"potentialAction":[{"@type":"SearchAction","target":{"@type":"EntryPoint","urlTemplate":"https:\/\/patiodovale.com\/pt-pt\/?s={search_term_string}"},"query-input":{"@type":"PropertyValueSpecification","valueRequired":true,"valueName":"search_term_string"}}],"inLanguage":"pt-PT"},{"@type":"Organization","@id":"https:\/\/patiodovale.com\/pt-pt\/#organization","name":"P\u00e1tio do Vale","url":"https:\/\/patiodovale.com\/pt-pt\/","logo":{"@type":"ImageObject","inLanguage":"pt-PT","@id":"https:\/\/patiodovale.com\/pt-pt\/#\/schema\/logo\/image\/","url":"https:\/\/patiodovale.com\/wp-content\/uploads\/2022\/08\/logo-patio-do-vale-op-witte-basis-voor-header_400x440px_final.jpg","contentUrl":"https:\/\/patiodovale.com\/wp-content\/uploads\/2022\/08\/logo-patio-do-vale-op-witte-basis-voor-header_400x440px_final.jpg","width":1668,"height":1835,"caption":"P\u00e1tio do Vale"},"image":{"@id":"https:\/\/patiodovale.com\/pt-pt\/#\/schema\/logo\/image\/"}}]}},"_links":{"self":[{"href":"https:\/\/patiodovale.com\/pt-pt\/wp-json\/wp\/v2\/pages\/4360","targetHints":{"allow":["GET"]}}],"collection":[{"href":"https:\/\/patiodovale.com\/pt-pt\/wp-json\/wp\/v2\/pages"}],"about":[{"href":"https:\/\/patiodovale.com\/pt-pt\/wp-json\/wp\/v2\/types\/page"}],"author":[{"embeddable":true,"href":"https:\/\/patiodovale.com\/pt-pt\/wp-json\/wp\/v2\/users\/3"}],"replies":[{"embeddable":true,"href":"https:\/\/patiodovale.com\/pt-pt\/wp-json\/wp\/v2\/comments?post=4360"}],"version-history":[{"count":0,"href":"https:\/\/patiodovale.com\/pt-pt\/wp-json\/wp\/v2\/pages\/4360\/revisions"}],"wp:attachment":[{"href":"https:\/\/patiodovale.com\/pt-pt\/wp-json\/wp\/v2\/media?parent=4360"}],"curies":[{"name":"wp","href":"https:\/\/api.w.org\/{rel}","templated":true}]}}