{"id":4357,"date":"2022-09-05T11:59:47","date_gmt":"2022-09-05T10:59:47","guid":{"rendered":"https:\/\/patiodovale.com\/a-nossa-historia\/"},"modified":"2023-02-10T20:11:46","modified_gmt":"2023-02-10T20:11:46","slug":"a-nossa-historia","status":"publish","type":"page","link":"https:\/\/patiodovale.com\/pt-pt\/a-nossa-historia\/","title":{"rendered":"a nossa hist\u00f3ria"},"content":{"rendered":"<section class=\"l-section wpb_row height_medium\"><div class=\"l-section-h i-cf\"><div class=\"g-cols vc_row via_flex valign_top type_default stacking_default\"><div class=\"vc_col-sm-6 wpb_column vc_column_container\"><div class=\"vc_column-inner\"><div class=\"wpb_wrapper\">[vc_custom_heading text=&#8221;Katja Huizinga&#8221; font_container=&#8221;tag:h1|text_align:left&#8221; use_theme_fonts=&#8221;yes&#8221;]<div class=\"g-cols wpb_row via_flex valign_top type_default stacking_default\"><div class=\"vc_col-sm-3\/5 wpb_column vc_column_container\"><div class=\"vc_column-inner\"><div class=\"wpb_wrapper\"><div class=\"wpb_text_column\"><div class=\"wpb_wrapper\"><p>Talento criativo, organizacional e sonhadora por natureza. Depois de trabalhar como empreendedora na ind\u00fastria de eventos por mais de quinze anos, Katja mudou para o turismo h\u00e1 quatro anos. Desde 2018 \u00e9 co-propriet\u00e1ria da Rudy&#8217;s Taxi Company na Holanda e desde 2022 orgulhosa propriet\u00e1ria do B&amp;B P\u00e1tio do Vale em Portugal, concretizando finalmente um sonho h\u00e1 muito acalentado!<\/p>\n<p>Viveu em Portugal dos doze aos vinte e quatro anos e agora, vinte e cinco anos depois, est\u00e1 finalmente de volta ao pa\u00eds que tanto ama.<\/p>\n<p>Katja \u00e9 um espirito livre, uma for\u00e7a da natureza que adora arrega\u00e7ar as mangas e por todas as suas ideias criativas no seu dia a dia, seja a remodelar a cozinha, a decorar um quarto ou a tratar do seu jardim. Ela pode ser exigente com detalhes, mas mais importante n\u00e3o consegue sobreviver sem humor, Portugal, amigos e fam\u00edlia, boa comida e bebida, estar ao ar livre e fazer as pessoas felizes. E por \u00faltimo, mas n\u00e3o menos importante: o seu amor e seu cachorro!<\/p>\n<\/div><\/div><\/div><\/div><\/div><div class=\"vc_col-sm-2\/5 wpb_column vc_column_container\"><div class=\"vc_column-inner\"><div class=\"wpb_wrapper\"><div class=\"w-image align_none\"><div class=\"w-image-h\"><img decoding=\"async\" width=\"369\" height=\"400\" src=\"https:\/\/patiodovale.com\/wp-content\/uploads\/2022\/12\/K-R-KATJA-cocktail-vector-zwart-369x400.png\" class=\"attachment-us_600_400 size-us_600_400\" alt=\"\" loading=\"lazy\" srcset=\"https:\/\/patiodovale.com\/wp-content\/uploads\/2022\/12\/K-R-KATJA-cocktail-vector-zwart-369x400.png 369w, https:\/\/patiodovale.com\/wp-content\/uploads\/2022\/12\/K-R-KATJA-cocktail-vector-zwart-277x300.png 277w, https:\/\/patiodovale.com\/wp-content\/uploads\/2022\/12\/K-R-KATJA-cocktail-vector-zwart-945x1024.png 945w, https:\/\/patiodovale.com\/wp-content\/uploads\/2022\/12\/K-R-KATJA-cocktail-vector-zwart-184x200.png 184w, https:\/\/patiodovale.com\/wp-content\/uploads\/2022\/12\/K-R-KATJA-cocktail-vector-zwart-161x175.png 161w\" sizes=\"auto, (max-width: 369px) 100vw, 369px\" \/><\/div><\/div><\/div><\/div><\/div><\/div><\/div><\/div><\/div><div class=\"vc_col-sm-6 wpb_column vc_column_container\"><div class=\"vc_column-inner\"><div class=\"wpb_wrapper\">[vc_custom_heading text=&#8221;Ruud Vlasman&#8221; font_container=&#8221;tag:h1|text_align:left&#8221; use_theme_fonts=&#8221;yes&#8221;]<div class=\"g-cols wpb_row via_flex valign_top type_default stacking_default\"><div class=\"vc_col-sm-3\/5 wpb_column vc_column_container\"><div class=\"vc_column-inner\"><div class=\"wpb_wrapper\"><div class=\"wpb_text_column\"><div class=\"wpb_wrapper\"><p>Fundador e propriet\u00e1rio da Rudy&#8217;s Taxi Company por mais de doze anos. Al\u00e9m disso, Rudy \u00e9 um m\u00fasico de cora\u00e7\u00e3o, um verdadeiro bon vivant e alguem com quem podemos ter dois dedos de conversa e muita risada&#8230;e tal como Katja tudo em Portugu\u00eas!<\/p>\n<p>Ruud conhece a Holanda como a palma da sua m\u00e3o e como o guia tur\u00edstico perfeito, gosta de levar seus convidados para fora do caminho e mostrar-lhes os tesouros escondidos. Ele deixou para tr\u00e1s os caminhos conhecidos e tambem ele agora embarca numa nova grande aventura como propriet\u00e1rio de B&amp;B em Portugal.<\/p>\n<p>Rudy gosta muito de: pessoas, viajar, boa comida, acender o fogareiro, ouvir e fazer m\u00fasica. Definitivamente n\u00e3o consegue viver sem fazer ou outros rirem, de tocar uns acordes na guitarra ou bateria, de fazer um barbecue com uma cerveja na m\u00e3o e sempre com boa m\u00fasica como pano de fundo.<\/p>\n<\/div><\/div><\/div><\/div><\/div><div class=\"vc_col-sm-2\/5 wpb_column vc_column_container\"><div class=\"vc_column-inner\"><div class=\"wpb_wrapper\"><div class=\"w-image align_none\"><div class=\"w-image-h\"><img decoding=\"async\" width=\"246\" height=\"400\" src=\"https:\/\/patiodovale.com\/wp-content\/uploads\/2023\/01\/K-R-RUUD-surf-vector-zwart-246x400.png\" class=\"attachment-us_600_400 size-us_600_400\" alt=\"\" loading=\"lazy\" srcset=\"https:\/\/patiodovale.com\/wp-content\/uploads\/2023\/01\/K-R-RUUD-surf-vector-zwart-246x400.png 246w, https:\/\/patiodovale.com\/wp-content\/uploads\/2023\/01\/K-R-RUUD-surf-vector-zwart-184x300.png 184w, https:\/\/patiodovale.com\/wp-content\/uploads\/2023\/01\/K-R-RUUD-surf-vector-zwart-629x1024.png 629w, https:\/\/patiodovale.com\/wp-content\/uploads\/2023\/01\/K-R-RUUD-surf-vector-zwart-123x200.png 123w, https:\/\/patiodovale.com\/wp-content\/uploads\/2023\/01\/K-R-RUUD-surf-vector-zwart-108x175.png 108w\" sizes=\"auto, (max-width: 246px) 100vw, 246px\" \/><\/div><\/div><\/div><\/div><\/div><\/div><\/div><\/div><\/div><\/div><\/div><\/section>\n","protected":false},"excerpt":{"rendered":"[vc_custom_heading text=\"Katja Huizinga\" font_container=\"tag:h1|text_align:left\" use_theme_fonts=\"yes\"]Talento criativo, organizacional e sonhadora por natureza. Depois de trabalhar como empreendedora na ind\u00fastria de eventos por mais de quinze anos, Katja mudou para o turismo h\u00e1 quatro anos. Desde 2018 \u00e9 co-propriet\u00e1ria da Rudy&#8217;s Taxi Company na Holanda e desde 2022 orgulhosa propriet\u00e1ria do B&amp;B P\u00e1tio do Vale em Portugal,...","protected":false},"author":3,"featured_media":0,"parent":0,"menu_order":0,"comment_status":"closed","ping_status":"closed","template":"","meta":{"_acf_changed":false,"footnotes":""},"class_list":["post-4357","page","type-page","status-publish","hentry"],"acf":[],"yoast_head":"<!-- This site is optimized with the Yoast SEO plugin v27.3 - https:\/\/yoast.com\/product\/yoast-seo-wordpress\/ -->\n<title>a nossa hist\u00f3ria | P\u00e1tio do Vale<\/title>\n<meta name=\"robots\" content=\"index, follow, max-snippet:-1, max-image-preview:large, max-video-preview:-1\" \/>\n<link rel=\"canonical\" href=\"https:\/\/patiodovale.com\/pt-pt\/a-nossa-historia\/\" \/>\n<meta property=\"og:locale\" content=\"pt_PT\" \/>\n<meta property=\"og:type\" content=\"article\" \/>\n<meta property=\"og:title\" content=\"a nossa hist\u00f3ria | P\u00e1tio do Vale\" \/>\n<meta property=\"og:url\" content=\"https:\/\/patiodovale.com\/pt-pt\/a-nossa-historia\/\" \/>\n<meta property=\"og:site_name\" content=\"P\u00e1tio do Vale\" \/>\n<meta property=\"article:modified_time\" content=\"2023-02-10T20:11:46+00:00\" \/>\n<meta name=\"twitter:card\" content=\"summary_large_image\" \/>\n<meta name=\"twitter:label1\" content=\"Tempo estimado de leitura\" \/>\n\t<meta name=\"twitter:data1\" content=\"2 minutos\" \/>\n<script type=\"application\/ld+json\" class=\"yoast-schema-graph\">{\"@context\":\"https:\\\/\\\/schema.org\",\"@graph\":[{\"@type\":\"WebPage\",\"@id\":\"https:\\\/\\\/patiodovale.com\\\/pt-pt\\\/a-nossa-historia\\\/\",\"url\":\"https:\\\/\\\/patiodovale.com\\\/pt-pt\\\/a-nossa-historia\\\/\",\"name\":\"a nossa hist\u00f3ria | P\u00e1tio do Vale\",\"isPartOf\":{\"@id\":\"https:\\\/\\\/patiodovale.com\\\/pt-pt\\\/#website\"},\"datePublished\":\"2022-09-05T10:59:47+00:00\",\"dateModified\":\"2023-02-10T20:11:46+00:00\",\"breadcrumb\":{\"@id\":\"https:\\\/\\\/patiodovale.com\\\/pt-pt\\\/a-nossa-historia\\\/#breadcrumb\"},\"inLanguage\":\"pt-PT\",\"potentialAction\":[{\"@type\":\"ReadAction\",\"target\":[\"https:\\\/\\\/patiodovale.com\\\/pt-pt\\\/a-nossa-historia\\\/\"]}]},{\"@type\":\"BreadcrumbList\",\"@id\":\"https:\\\/\\\/patiodovale.com\\\/pt-pt\\\/a-nossa-historia\\\/#breadcrumb\",\"itemListElement\":[{\"@type\":\"ListItem\",\"position\":1,\"name\":\"Home\",\"item\":\"https:\\\/\\\/patiodovale.com\\\/pt-pt\\\/\"},{\"@type\":\"ListItem\",\"position\":2,\"name\":\"a nossa hist\u00f3ria\"}]},{\"@type\":\"WebSite\",\"@id\":\"https:\\\/\\\/patiodovale.com\\\/pt-pt\\\/#website\",\"url\":\"https:\\\/\\\/patiodovale.com\\\/pt-pt\\\/\",\"name\":\"P\u00e1tio do Vale\",\"description\":\"A wonderful B&amp;B on the Portuguese Silver Coast\",\"publisher\":{\"@id\":\"https:\\\/\\\/patiodovale.com\\\/pt-pt\\\/#organization\"},\"potentialAction\":[{\"@type\":\"SearchAction\",\"target\":{\"@type\":\"EntryPoint\",\"urlTemplate\":\"https:\\\/\\\/patiodovale.com\\\/pt-pt\\\/?s={search_term_string}\"},\"query-input\":{\"@type\":\"PropertyValueSpecification\",\"valueRequired\":true,\"valueName\":\"search_term_string\"}}],\"inLanguage\":\"pt-PT\"},{\"@type\":\"Organization\",\"@id\":\"https:\\\/\\\/patiodovale.com\\\/pt-pt\\\/#organization\",\"name\":\"P\u00e1tio do Vale\",\"url\":\"https:\\\/\\\/patiodovale.com\\\/pt-pt\\\/\",\"logo\":{\"@type\":\"ImageObject\",\"inLanguage\":\"pt-PT\",\"@id\":\"https:\\\/\\\/patiodovale.com\\\/pt-pt\\\/#\\\/schema\\\/logo\\\/image\\\/\",\"url\":\"https:\\\/\\\/patiodovale.com\\\/wp-content\\\/uploads\\\/2022\\\/08\\\/logo-patio-do-vale-op-witte-basis-voor-header_400x440px_final.jpg\",\"contentUrl\":\"https:\\\/\\\/patiodovale.com\\\/wp-content\\\/uploads\\\/2022\\\/08\\\/logo-patio-do-vale-op-witte-basis-voor-header_400x440px_final.jpg\",\"width\":1668,\"height\":1835,\"caption\":\"P\u00e1tio do Vale\"},\"image\":{\"@id\":\"https:\\\/\\\/patiodovale.com\\\/pt-pt\\\/#\\\/schema\\\/logo\\\/image\\\/\"}}]}<\/script>\n<!-- \/ Yoast SEO plugin. -->","yoast_head_json":{"title":"a nossa hist\u00f3ria | P\u00e1tio do Vale","robots":{"index":"index","follow":"follow","max-snippet":"max-snippet:-1","max-image-preview":"max-image-preview:large","max-video-preview":"max-video-preview:-1"},"canonical":"https:\/\/patiodovale.com\/pt-pt\/a-nossa-historia\/","og_locale":"pt_PT","og_type":"article","og_title":"a nossa hist\u00f3ria | P\u00e1tio do Vale","og_url":"https:\/\/patiodovale.com\/pt-pt\/a-nossa-historia\/","og_site_name":"P\u00e1tio do Vale","article_modified_time":"2023-02-10T20:11:46+00:00","twitter_card":"summary_large_image","twitter_misc":{"Tempo estimado de leitura":"2 minutos"},"schema":{"@context":"https:\/\/schema.org","@graph":[{"@type":"WebPage","@id":"https:\/\/patiodovale.com\/pt-pt\/a-nossa-historia\/","url":"https:\/\/patiodovale.com\/pt-pt\/a-nossa-historia\/","name":"a nossa hist\u00f3ria | P\u00e1tio do Vale","isPartOf":{"@id":"https:\/\/patiodovale.com\/pt-pt\/#website"},"datePublished":"2022-09-05T10:59:47+00:00","dateModified":"2023-02-10T20:11:46+00:00","breadcrumb":{"@id":"https:\/\/patiodovale.com\/pt-pt\/a-nossa-historia\/#breadcrumb"},"inLanguage":"pt-PT","potentialAction":[{"@type":"ReadAction","target":["https:\/\/patiodovale.com\/pt-pt\/a-nossa-historia\/"]}]},{"@type":"BreadcrumbList","@id":"https:\/\/patiodovale.com\/pt-pt\/a-nossa-historia\/#breadcrumb","itemListElement":[{"@type":"ListItem","position":1,"name":"Home","item":"https:\/\/patiodovale.com\/pt-pt\/"},{"@type":"ListItem","position":2,"name":"a nossa hist\u00f3ria"}]},{"@type":"WebSite","@id":"https:\/\/patiodovale.com\/pt-pt\/#website","url":"https:\/\/patiodovale.com\/pt-pt\/","name":"P\u00e1tio do Vale","description":"A wonderful B&amp;B on the Portuguese Silver Coast","publisher":{"@id":"https:\/\/patiodovale.com\/pt-pt\/#organization"},"potentialAction":[{"@type":"SearchAction","target":{"@type":"EntryPoint","urlTemplate":"https:\/\/patiodovale.com\/pt-pt\/?s={search_term_string}"},"query-input":{"@type":"PropertyValueSpecification","valueRequired":true,"valueName":"search_term_string"}}],"inLanguage":"pt-PT"},{"@type":"Organization","@id":"https:\/\/patiodovale.com\/pt-pt\/#organization","name":"P\u00e1tio do Vale","url":"https:\/\/patiodovale.com\/pt-pt\/","logo":{"@type":"ImageObject","inLanguage":"pt-PT","@id":"https:\/\/patiodovale.com\/pt-pt\/#\/schema\/logo\/image\/","url":"https:\/\/patiodovale.com\/wp-content\/uploads\/2022\/08\/logo-patio-do-vale-op-witte-basis-voor-header_400x440px_final.jpg","contentUrl":"https:\/\/patiodovale.com\/wp-content\/uploads\/2022\/08\/logo-patio-do-vale-op-witte-basis-voor-header_400x440px_final.jpg","width":1668,"height":1835,"caption":"P\u00e1tio do Vale"},"image":{"@id":"https:\/\/patiodovale.com\/pt-pt\/#\/schema\/logo\/image\/"}}]}},"_links":{"self":[{"href":"https:\/\/patiodovale.com\/pt-pt\/wp-json\/wp\/v2\/pages\/4357","targetHints":{"allow":["GET"]}}],"collection":[{"href":"https:\/\/patiodovale.com\/pt-pt\/wp-json\/wp\/v2\/pages"}],"about":[{"href":"https:\/\/patiodovale.com\/pt-pt\/wp-json\/wp\/v2\/types\/page"}],"author":[{"embeddable":true,"href":"https:\/\/patiodovale.com\/pt-pt\/wp-json\/wp\/v2\/users\/3"}],"replies":[{"embeddable":true,"href":"https:\/\/patiodovale.com\/pt-pt\/wp-json\/wp\/v2\/comments?post=4357"}],"version-history":[{"count":0,"href":"https:\/\/patiodovale.com\/pt-pt\/wp-json\/wp\/v2\/pages\/4357\/revisions"}],"wp:attachment":[{"href":"https:\/\/patiodovale.com\/pt-pt\/wp-json\/wp\/v2\/media?parent=4357"}],"curies":[{"name":"wp","href":"https:\/\/api.w.org\/{rel}","templated":true}]}}