{"id":4353,"date":"2022-08-24T10:16:25","date_gmt":"2022-08-24T09:16:25","guid":{"rendered":"https:\/\/patiodovale.com\/o-conceito\/"},"modified":"2023-02-10T20:05:14","modified_gmt":"2023-02-10T20:05:14","slug":"o-conceito","status":"publish","type":"page","link":"https:\/\/patiodovale.com\/pt-pt\/o-conceito\/","title":{"rendered":"o conceito"},"content":{"rendered":"<section class=\"l-section wpb_row height_medium\"><div class=\"l-section-h i-cf\"><div class=\"g-cols vc_row via_flex valign_top type_default stacking_default\"><div class=\"vc_col-sm-12 wpb_column vc_column_container\"><div class=\"vc_column-inner\"><div class=\"wpb_wrapper\">[vc_custom_heading text=&#8221;Mi casa es su casa desfruta a melhor hospitalidade&#8221; font_container=&#8221;tag:h1|text_align:left&#8221; use_theme_fonts=&#8221;yes&#8221;]<div class=\"g-cols wpb_row via_flex valign_middle type_default stacking_default\"><div class=\"vc_col-sm-6 wpb_column vc_column_container\"><div class=\"vc_column-inner\"><div class=\"wpb_wrapper\"><div class=\"wpb_text_column\"><div class=\"wpb_wrapper\"><p><strong>Mi casa es su casa&#8230; que significa tanto quanto \u2018nossa casa \u00e9 a sua casa\u2019 e isso mostra exatamente como queremos que voc\u00ea se sinta conosco: em casa e muito bem-vindo!<\/strong><\/p>\n<p><strong>No P\u00e1tio do Vale n\u00e3o alugas apenas um quarto, podes realmente relaxar e experimentar a vida calma do campo. Relaxa na cama de rede, l\u00ea um livro (ou escreve um), d\u00e1 um mergulho na piscina de \u00e1gua salgada ou saboreia um bom copo de vinho com um saboroso petisco portugu\u00eas num local agrad\u00e1vel \u00e0 sombra.<\/strong><\/p>\n<p>Podes usar a nossa cozinha ao ar livre muito aconchegante e acender o churrasco ou deixar-se mimar em uma de nossas noites culin\u00e1rias espont\u00e2neas.<\/p>\n<p>Para as crian\u00e7as tamb\u00e9m \u00e9 ador\u00e1vel aqui. Eles podem se divertir no trampolim, jogar v\u00e1rios jogos de tabuleiro e, claro, dar um mergulho na piscina.<\/p>\n<p>Esperamos que o P\u00e1tio do Vale seja um local onde queira voltar sempre. A tua casa longe de casa, onde podes desfrutar da nossa melhor hospitalidade!<\/p>\n<\/div><\/div><\/div><\/div><\/div><div class=\"vc_col-sm-6 wpb_column vc_column_container\"><div class=\"vc_column-inner\"><div class=\"wpb_wrapper\"><div class=\"w-image align_center\"><div class=\"w-image-h\"><img decoding=\"async\" width=\"456\" height=\"400\" src=\"https:\/\/patiodovale.com\/wp-content\/uploads\/2023\/01\/K-R-KATJA-CHILL-vector-zwart-456x400.png\" class=\"attachment-us_600_400 size-us_600_400\" alt=\"\" loading=\"lazy\" srcset=\"https:\/\/patiodovale.com\/wp-content\/uploads\/2023\/01\/K-R-KATJA-CHILL-vector-zwart-456x400.png 456w, https:\/\/patiodovale.com\/wp-content\/uploads\/2023\/01\/K-R-KATJA-CHILL-vector-zwart-300x263.png 300w, https:\/\/patiodovale.com\/wp-content\/uploads\/2023\/01\/K-R-KATJA-CHILL-vector-zwart-1024x898.png 1024w, https:\/\/patiodovale.com\/wp-content\/uploads\/2023\/01\/K-R-KATJA-CHILL-vector-zwart-200x175.png 200w, https:\/\/patiodovale.com\/wp-content\/uploads\/2023\/01\/K-R-KATJA-CHILL-vector-zwart-175x153.png 175w\" sizes=\"auto, (max-width: 456px) 100vw, 456px\" \/><\/div><\/div><\/div><\/div><\/div><\/div><div class=\"g-cols wpb_row via_flex valign_top type_default stacking_default\"><div class=\"vc_col-sm-12 wpb_column vc_column_container\"><div class=\"vc_column-inner\"><div class=\"wpb_wrapper\"><div class=\"w-separator size_small\"><\/div>[vc_custom_heading text=&#8221;impress\u00e3o&#8221; use_theme_fonts=&#8221;yes&#8221;]<\/div><\/div><\/div><\/div><\/div><\/div><\/div><\/div><\/div><\/section>\n","protected":false},"excerpt":{"rendered":"[vc_custom_heading text=\"Mi casa es su casa desfruta a melhor hospitalidade\" font_container=\"tag:h1|text_align:left\" use_theme_fonts=\"yes\"]Mi casa es su casa&#8230; que significa tanto quanto \u2018nossa casa \u00e9 a sua casa\u2019 e isso mostra exatamente como queremos que voc\u00ea se sinta conosco: em casa e muito bem-vindo! No P\u00e1tio do Vale n\u00e3o alugas apenas um quarto, podes realmente relaxar e...","protected":false},"author":3,"featured_media":0,"parent":0,"menu_order":0,"comment_status":"closed","ping_status":"closed","template":"","meta":{"_acf_changed":false,"footnotes":""},"class_list":["post-4353","page","type-page","status-publish","hentry"],"acf":[],"yoast_head":"<!-- This site is optimized with the Yoast SEO plugin v27.3 - https:\/\/yoast.com\/product\/yoast-seo-wordpress\/ -->\n<title>o conceito | P\u00e1tio do Vale<\/title>\n<meta name=\"robots\" content=\"index, follow, max-snippet:-1, max-image-preview:large, max-video-preview:-1\" \/>\n<link rel=\"canonical\" href=\"https:\/\/patiodovale.com\/pt-pt\/o-conceito\/\" \/>\n<meta property=\"og:locale\" content=\"pt_PT\" \/>\n<meta property=\"og:type\" content=\"article\" \/>\n<meta property=\"og:title\" content=\"o conceito | P\u00e1tio do Vale\" \/>\n<meta property=\"og:url\" content=\"https:\/\/patiodovale.com\/pt-pt\/o-conceito\/\" \/>\n<meta property=\"og:site_name\" content=\"P\u00e1tio do Vale\" \/>\n<meta property=\"article:modified_time\" content=\"2023-02-10T20:05:14+00:00\" \/>\n<meta name=\"twitter:card\" content=\"summary_large_image\" \/>\n<meta name=\"twitter:label1\" content=\"Tempo estimado de leitura\" \/>\n\t<meta name=\"twitter:data1\" content=\"1 minuto\" \/>\n<script type=\"application\/ld+json\" class=\"yoast-schema-graph\">{\"@context\":\"https:\\\/\\\/schema.org\",\"@graph\":[{\"@type\":\"WebPage\",\"@id\":\"https:\\\/\\\/patiodovale.com\\\/pt-pt\\\/o-conceito\\\/\",\"url\":\"https:\\\/\\\/patiodovale.com\\\/pt-pt\\\/o-conceito\\\/\",\"name\":\"o conceito | P\u00e1tio do Vale\",\"isPartOf\":{\"@id\":\"https:\\\/\\\/patiodovale.com\\\/pt-pt\\\/#website\"},\"datePublished\":\"2022-08-24T09:16:25+00:00\",\"dateModified\":\"2023-02-10T20:05:14+00:00\",\"breadcrumb\":{\"@id\":\"https:\\\/\\\/patiodovale.com\\\/pt-pt\\\/o-conceito\\\/#breadcrumb\"},\"inLanguage\":\"pt-PT\",\"potentialAction\":[{\"@type\":\"ReadAction\",\"target\":[\"https:\\\/\\\/patiodovale.com\\\/pt-pt\\\/o-conceito\\\/\"]}]},{\"@type\":\"BreadcrumbList\",\"@id\":\"https:\\\/\\\/patiodovale.com\\\/pt-pt\\\/o-conceito\\\/#breadcrumb\",\"itemListElement\":[{\"@type\":\"ListItem\",\"position\":1,\"name\":\"Home\",\"item\":\"https:\\\/\\\/patiodovale.com\\\/pt-pt\\\/\"},{\"@type\":\"ListItem\",\"position\":2,\"name\":\"o conceito\"}]},{\"@type\":\"WebSite\",\"@id\":\"https:\\\/\\\/patiodovale.com\\\/pt-pt\\\/#website\",\"url\":\"https:\\\/\\\/patiodovale.com\\\/pt-pt\\\/\",\"name\":\"P\u00e1tio do Vale\",\"description\":\"A wonderful B&amp;B on the Portuguese Silver Coast\",\"publisher\":{\"@id\":\"https:\\\/\\\/patiodovale.com\\\/pt-pt\\\/#organization\"},\"potentialAction\":[{\"@type\":\"SearchAction\",\"target\":{\"@type\":\"EntryPoint\",\"urlTemplate\":\"https:\\\/\\\/patiodovale.com\\\/pt-pt\\\/?s={search_term_string}\"},\"query-input\":{\"@type\":\"PropertyValueSpecification\",\"valueRequired\":true,\"valueName\":\"search_term_string\"}}],\"inLanguage\":\"pt-PT\"},{\"@type\":\"Organization\",\"@id\":\"https:\\\/\\\/patiodovale.com\\\/pt-pt\\\/#organization\",\"name\":\"P\u00e1tio do Vale\",\"url\":\"https:\\\/\\\/patiodovale.com\\\/pt-pt\\\/\",\"logo\":{\"@type\":\"ImageObject\",\"inLanguage\":\"pt-PT\",\"@id\":\"https:\\\/\\\/patiodovale.com\\\/pt-pt\\\/#\\\/schema\\\/logo\\\/image\\\/\",\"url\":\"https:\\\/\\\/patiodovale.com\\\/wp-content\\\/uploads\\\/2022\\\/08\\\/logo-patio-do-vale-op-witte-basis-voor-header_400x440px_final.jpg\",\"contentUrl\":\"https:\\\/\\\/patiodovale.com\\\/wp-content\\\/uploads\\\/2022\\\/08\\\/logo-patio-do-vale-op-witte-basis-voor-header_400x440px_final.jpg\",\"width\":1668,\"height\":1835,\"caption\":\"P\u00e1tio do Vale\"},\"image\":{\"@id\":\"https:\\\/\\\/patiodovale.com\\\/pt-pt\\\/#\\\/schema\\\/logo\\\/image\\\/\"}}]}<\/script>\n<!-- \/ Yoast SEO plugin. -->","yoast_head_json":{"title":"o conceito | P\u00e1tio do Vale","robots":{"index":"index","follow":"follow","max-snippet":"max-snippet:-1","max-image-preview":"max-image-preview:large","max-video-preview":"max-video-preview:-1"},"canonical":"https:\/\/patiodovale.com\/pt-pt\/o-conceito\/","og_locale":"pt_PT","og_type":"article","og_title":"o conceito | P\u00e1tio do Vale","og_url":"https:\/\/patiodovale.com\/pt-pt\/o-conceito\/","og_site_name":"P\u00e1tio do Vale","article_modified_time":"2023-02-10T20:05:14+00:00","twitter_card":"summary_large_image","twitter_misc":{"Tempo estimado de leitura":"1 minuto"},"schema":{"@context":"https:\/\/schema.org","@graph":[{"@type":"WebPage","@id":"https:\/\/patiodovale.com\/pt-pt\/o-conceito\/","url":"https:\/\/patiodovale.com\/pt-pt\/o-conceito\/","name":"o conceito | P\u00e1tio do Vale","isPartOf":{"@id":"https:\/\/patiodovale.com\/pt-pt\/#website"},"datePublished":"2022-08-24T09:16:25+00:00","dateModified":"2023-02-10T20:05:14+00:00","breadcrumb":{"@id":"https:\/\/patiodovale.com\/pt-pt\/o-conceito\/#breadcrumb"},"inLanguage":"pt-PT","potentialAction":[{"@type":"ReadAction","target":["https:\/\/patiodovale.com\/pt-pt\/o-conceito\/"]}]},{"@type":"BreadcrumbList","@id":"https:\/\/patiodovale.com\/pt-pt\/o-conceito\/#breadcrumb","itemListElement":[{"@type":"ListItem","position":1,"name":"Home","item":"https:\/\/patiodovale.com\/pt-pt\/"},{"@type":"ListItem","position":2,"name":"o conceito"}]},{"@type":"WebSite","@id":"https:\/\/patiodovale.com\/pt-pt\/#website","url":"https:\/\/patiodovale.com\/pt-pt\/","name":"P\u00e1tio do Vale","description":"A wonderful B&amp;B on the Portuguese Silver Coast","publisher":{"@id":"https:\/\/patiodovale.com\/pt-pt\/#organization"},"potentialAction":[{"@type":"SearchAction","target":{"@type":"EntryPoint","urlTemplate":"https:\/\/patiodovale.com\/pt-pt\/?s={search_term_string}"},"query-input":{"@type":"PropertyValueSpecification","valueRequired":true,"valueName":"search_term_string"}}],"inLanguage":"pt-PT"},{"@type":"Organization","@id":"https:\/\/patiodovale.com\/pt-pt\/#organization","name":"P\u00e1tio do Vale","url":"https:\/\/patiodovale.com\/pt-pt\/","logo":{"@type":"ImageObject","inLanguage":"pt-PT","@id":"https:\/\/patiodovale.com\/pt-pt\/#\/schema\/logo\/image\/","url":"https:\/\/patiodovale.com\/wp-content\/uploads\/2022\/08\/logo-patio-do-vale-op-witte-basis-voor-header_400x440px_final.jpg","contentUrl":"https:\/\/patiodovale.com\/wp-content\/uploads\/2022\/08\/logo-patio-do-vale-op-witte-basis-voor-header_400x440px_final.jpg","width":1668,"height":1835,"caption":"P\u00e1tio do Vale"},"image":{"@id":"https:\/\/patiodovale.com\/pt-pt\/#\/schema\/logo\/image\/"}}]}},"_links":{"self":[{"href":"https:\/\/patiodovale.com\/pt-pt\/wp-json\/wp\/v2\/pages\/4353","targetHints":{"allow":["GET"]}}],"collection":[{"href":"https:\/\/patiodovale.com\/pt-pt\/wp-json\/wp\/v2\/pages"}],"about":[{"href":"https:\/\/patiodovale.com\/pt-pt\/wp-json\/wp\/v2\/types\/page"}],"author":[{"embeddable":true,"href":"https:\/\/patiodovale.com\/pt-pt\/wp-json\/wp\/v2\/users\/3"}],"replies":[{"embeddable":true,"href":"https:\/\/patiodovale.com\/pt-pt\/wp-json\/wp\/v2\/comments?post=4353"}],"version-history":[{"count":0,"href":"https:\/\/patiodovale.com\/pt-pt\/wp-json\/wp\/v2\/pages\/4353\/revisions"}],"wp:attachment":[{"href":"https:\/\/patiodovale.com\/pt-pt\/wp-json\/wp\/v2\/media?parent=4353"}],"curies":[{"name":"wp","href":"https:\/\/api.w.org\/{rel}","templated":true}]}}