{"id":4347,"date":"2022-12-27T12:52:41","date_gmt":"2022-12-27T12:52:41","guid":{"rendered":"https:\/\/patiodovale.com\/home\/"},"modified":"2025-02-04T12:51:24","modified_gmt":"2025-02-04T12:51:24","slug":"home","status":"publish","type":"page","link":"https:\/\/patiodovale.com\/pt-pt\/","title":{"rendered":"Home"},"content":{"rendered":"<section class=\"l-section wpb_row us_custom_f1bdabef height_medium type_sticky\"><div class=\"l-section-overlay\" style=\"background:#ffffff\"><\/div><div class=\"l-section-h i-cf\"><div class=\"g-cols vc_row via_flex valign_top type_default stacking_default\"><div class=\"vc_col-sm-12 wpb_column vc_column_container\"><div class=\"vc_column-inner\"><div class=\"wpb_wrapper\">[vc_custom_heading text=&#8221;Um B&amp;B maravilhoso na Costa de Prata&#8221; font_container=&#8221;tag:h1|text_align:left&#8221; use_theme_fonts=&#8221;yes&#8221;]<\/div><\/div><\/div><\/div><\/div><\/section><section class=\"l-section wpb_row sliderblock height_medium with_slider\"><div class=\"l-section-slider\"><div class=\"w-slider style_none fit_cover nav_none count_7\"><div class=\"w-slider-h\" aria-hidden=\"true\"><div class=\"royalSlider\"><div class=\"rsContent\"><a class=\"rsImg\" data-rsw=\"1280\" data-rsh=\"267\" href=\"https:\/\/patiodovale.com\/wp-content\/uploads\/2023\/02\/5.jpg\"><span data-alt=\"\"><\/span><\/a><\/div><div class=\"rsContent\"><a class=\"rsImg\" data-rsw=\"1280\" data-rsh=\"267\" href=\"https:\/\/patiodovale.com\/wp-content\/uploads\/2023\/02\/3.jpg\"><span data-alt=\"\"><\/span><\/a><\/div><div class=\"rsContent\"><a class=\"rsImg\" data-rsw=\"1280\" data-rsh=\"267\" href=\"https:\/\/patiodovale.com\/wp-content\/uploads\/2023\/02\/2.jpg\"><span data-alt=\"\"><\/span><\/a><\/div><div class=\"rsContent\"><a class=\"rsImg\" data-rsw=\"1920\" data-rsh=\"400\" href=\"https:\/\/patiodovale.com\/wp-content\/uploads\/2025\/01\/lampionnen.jpg\"><span data-alt=\"\"><\/span><\/a><\/div><div class=\"rsContent\"><a class=\"rsImg\" data-rsw=\"1920\" data-rsh=\"400\" href=\"https:\/\/patiodovale.com\/wp-content\/uploads\/2025\/01\/pool-1.jpg\"><span data-alt=\"\"><\/span><\/a><\/div><div class=\"rsContent\"><a class=\"rsImg\" data-rsw=\"1920\" data-rsh=\"400\" href=\"https:\/\/patiodovale.com\/wp-content\/uploads\/2025\/01\/tuin.jpg\"><span data-alt=\"\"><\/span><\/a><\/div><div class=\"rsContent\"><a class=\"rsImg\" data-rsw=\"1920\" data-rsh=\"400\" href=\"https:\/\/patiodovale.com\/wp-content\/uploads\/2025\/01\/Sao-Martinho.jpg\"><span data-alt=\"\"><\/span><\/a><\/div><\/div><img decoding=\"async\" src=\"https:\/\/patiodovale.com\/wp-content\/uploads\/2023\/02\/5.jpg\" width=\"1280\" height=\"267\" alt loading=\"lazy\"><\/div><div class=\"w-slider-json\" onclick='return {&quot;autoScaleSlider&quot;:true,&quot;addActiveClass&quot;:true,&quot;loop&quot;:true,&quot;fadeInLoadedSlide&quot;:false,&quot;slidesSpacing&quot;:0,&quot;imageScalePadding&quot;:0,&quot;numImagesToPreload&quot;:2,&quot;arrowsNav&quot;:false,&quot;arrowsNavAutoHide&quot;:false,&quot;transitionType&quot;:&quot;fade&quot;,&quot;transitionSpeed&quot;:1000,&quot;block&quot;:{&quot;moveEffect&quot;:&quot;none&quot;,&quot;speed&quot;:300},&quot;thumbs&quot;:{&quot;fitInViewport&quot;:false,&quot;firstMargin&quot;:false,&quot;spacing&quot;:4},&quot;controlNavigation&quot;:&quot;none&quot;,&quot;autoplay&quot;:{&quot;enabled&quot;:true,&quot;pauseOnHover&quot;:false,&quot;delay&quot;:3000},&quot;autoScaleSliderWidth&quot;:1280,&quot;autoScaleSliderHeight&quot;:267}'><\/div><\/div><\/div><div class=\"l-section-h i-cf\"><div class=\"g-cols vc_row via_flex valign_middle type_default stacking_default\"><div class=\"vc_col-sm-12 wpb_column vc_column_container\"><div class=\"vc_column-inner\"><div class=\"wpb_wrapper\"><div class=\"w-separator size_custom\" style=\"height:25vh\"><\/div><\/div><\/div><\/div><\/div><\/div><\/section><section class=\"l-section wpb_row height_medium\"><div class=\"l-section-h i-cf\"><div class=\"g-cols vc_row via_flex valign_top type_default stacking_default\"><div class=\"vc_col-sm-6 wpb_column vc_column_container\"><div class=\"vc_column-inner\"><div class=\"wpb_wrapper\"><div class=\"wpb_text_column us_custom_c91b8573\"><div class=\"wpb_wrapper\"><p><strong>O P\u00e1tio do Vale \u00e9 uma &#8216;casa do campo&#8217; localizada num belo vale em pleno centro cultural de Portugal, com vista para um grande pomar de fruta.<\/strong><\/p>\n<p>A hist\u00f3ria do B&amp;B desta charmosa casa de campo come\u00e7a em 2000, quando o antigo propriet\u00e1rio comprou as antigas ru\u00ednas. Nos mais de vinte anos que se seguiram, o P\u00e1tio de Vale transformou-se num verdadeiro para\u00edso, onde, segundo a tradi\u00e7\u00e3o, muitas belas hist\u00f3rias foram partilhadas e aventuras vividas.<\/p>\n<p>Na nossa procura por um pequeno para\u00edso em Portugal, os nossos caminhos cruzaram-se e imediatamente percebemos: este \u00e9 o local que procur\u00e1vamos.<\/p>\n<p>O P\u00e1tio est\u00e1 situado num vale verdejante, a uma hora de carro do aeroporto de Lisboa e apenas a 12 minutos da praia. Est\u00e1 no meio do tri\u00e2ngulo cultural da Costa de Prata, num ambiente \u00fanico, onde o Campo e o Mar se misturam. Se \u00e9s amante da praia ou do campo, se queres descobrir parte importante da hist\u00f3ria e cultura Portuguesa ou apenas relaxar e desfrutar da maravilhosa gastronomia local e dos bares locais , h\u00e1 muito para descobrir!<\/p>\n<\/div><\/div><\/div><\/div><\/div><div class=\"vc_col-sm-6 wpb_column vc_column_container\"><div class=\"vc_column-inner\"><div class=\"wpb_wrapper\"><div class=\"w-image align_center\"><a ref=\"magnificPopup\" href=\"https:\/\/patiodovale.com\/wp-content\/uploads\/2023\/01\/illustratie-patio-do-vale-map_lokaal-FINAL-11012023-1.png\" aria-label=\"illustratie patio do vale map_lokaal FINAL 11012023\" class=\"w-image-h\"><img decoding=\"async\" width=\"300\" height=\"212\" src=\"https:\/\/patiodovale.com\/wp-content\/uploads\/2023\/01\/illustratie-patio-do-vale-map_lokaal-FINAL-11012023-1-300x212.png\" class=\"attachment-medium size-medium\" alt=\"\" loading=\"lazy\" srcset=\"https:\/\/patiodovale.com\/wp-content\/uploads\/2023\/01\/illustratie-patio-do-vale-map_lokaal-FINAL-11012023-1-300x212.png 300w, https:\/\/patiodovale.com\/wp-content\/uploads\/2023\/01\/illustratie-patio-do-vale-map_lokaal-FINAL-11012023-1-1024x724.png 1024w, https:\/\/patiodovale.com\/wp-content\/uploads\/2023\/01\/illustratie-patio-do-vale-map_lokaal-FINAL-11012023-1-200x141.png 200w, https:\/\/patiodovale.com\/wp-content\/uploads\/2023\/01\/illustratie-patio-do-vale-map_lokaal-FINAL-11012023-1-566x400.png 566w, https:\/\/patiodovale.com\/wp-content\/uploads\/2023\/01\/illustratie-patio-do-vale-map_lokaal-FINAL-11012023-1-175x124.png 175w\" sizes=\"auto, (max-width: 300px) 100vw, 300px\" \/><\/a><\/div><div class=\"w-image align_center\"><a ref=\"magnificPopup\" href=\"https:\/\/patiodovale.com\/wp-content\/uploads\/2023\/01\/illustratie-patio-do-vale-map_regio-FINAL-11012023-1.png\" aria-label=\"illustratie patio do vale map_regio FINAL 11012023\" class=\"w-image-h\"><img decoding=\"async\" width=\"300\" height=\"295\" src=\"https:\/\/patiodovale.com\/wp-content\/uploads\/2023\/01\/illustratie-patio-do-vale-map_regio-FINAL-11012023-1-300x295.png\" class=\"attachment-medium size-medium\" alt=\"\" loading=\"lazy\" srcset=\"https:\/\/patiodovale.com\/wp-content\/uploads\/2023\/01\/illustratie-patio-do-vale-map_regio-FINAL-11012023-1-300x295.png 300w, https:\/\/patiodovale.com\/wp-content\/uploads\/2023\/01\/illustratie-patio-do-vale-map_regio-FINAL-11012023-1-1024x1008.png 1024w, https:\/\/patiodovale.com\/wp-content\/uploads\/2023\/01\/illustratie-patio-do-vale-map_regio-FINAL-11012023-1-200x197.png 200w, https:\/\/patiodovale.com\/wp-content\/uploads\/2023\/01\/illustratie-patio-do-vale-map_regio-FINAL-11012023-1-406x400.png 406w, https:\/\/patiodovale.com\/wp-content\/uploads\/2023\/01\/illustratie-patio-do-vale-map_regio-FINAL-11012023-1-175x172.png 175w\" sizes=\"auto, (max-width: 300px) 100vw, 300px\" \/><\/a><\/div><\/div><\/div><\/div><\/div><\/div><\/section>\n","protected":false},"excerpt":{"rendered":"[vc_custom_heading text=\"Um B&amp;B maravilhoso na Costa de Prata\" font_container=\"tag:h1|text_align:left\" use_theme_fonts=\"yes\"]O P\u00e1tio do Vale \u00e9 uma &#8216;casa do campo&#8217; localizada num belo vale em pleno centro cultural de Portugal, com vista para um grande pomar de fruta. A hist\u00f3ria do B&amp;B desta charmosa casa de campo come\u00e7a em 2000, quando o antigo propriet\u00e1rio comprou as antigas...","protected":false},"author":3,"featured_media":0,"parent":0,"menu_order":0,"comment_status":"closed","ping_status":"closed","template":"","meta":{"_acf_changed":false,"footnotes":""},"class_list":["post-4347","page","type-page","status-publish","hentry"],"acf":[],"yoast_head":"<!-- This site is optimized with the Yoast SEO plugin v27.3 - https:\/\/yoast.com\/product\/yoast-seo-wordpress\/ -->\n<title>Home | P\u00e1tio do Vale<\/title>\n<meta name=\"robots\" content=\"index, follow, max-snippet:-1, max-image-preview:large, max-video-preview:-1\" \/>\n<link rel=\"canonical\" href=\"https:\/\/patiodovale.com\/pt-pt\/\" \/>\n<meta property=\"og:locale\" content=\"pt_PT\" \/>\n<meta property=\"og:type\" content=\"article\" \/>\n<meta property=\"og:title\" content=\"Home | P\u00e1tio do Vale\" \/>\n<meta property=\"og:url\" content=\"https:\/\/patiodovale.com\/pt-pt\/\" \/>\n<meta property=\"og:site_name\" content=\"P\u00e1tio do Vale\" \/>\n<meta property=\"article:modified_time\" content=\"2025-02-04T12:51:24+00:00\" \/>\n<meta name=\"twitter:card\" content=\"summary_large_image\" \/>\n<meta name=\"twitter:label1\" content=\"Tempo estimado de leitura\" \/>\n\t<meta name=\"twitter:data1\" content=\"2 minutos\" \/>\n<script type=\"application\/ld+json\" class=\"yoast-schema-graph\">{\"@context\":\"https:\\\/\\\/schema.org\",\"@graph\":[{\"@type\":\"WebPage\",\"@id\":\"https:\\\/\\\/patiodovale.com\\\/pt-pt\\\/\",\"url\":\"https:\\\/\\\/patiodovale.com\\\/pt-pt\\\/\",\"name\":\"Home | P\u00e1tio do Vale\",\"isPartOf\":{\"@id\":\"https:\\\/\\\/patiodovale.com\\\/pt-pt\\\/#website\"},\"datePublished\":\"2022-12-27T12:52:41+00:00\",\"dateModified\":\"2025-02-04T12:51:24+00:00\",\"breadcrumb\":{\"@id\":\"https:\\\/\\\/patiodovale.com\\\/pt-pt\\\/#breadcrumb\"},\"inLanguage\":\"pt-PT\",\"potentialAction\":[{\"@type\":\"ReadAction\",\"target\":[\"https:\\\/\\\/patiodovale.com\\\/pt-pt\\\/\"]}]},{\"@type\":\"BreadcrumbList\",\"@id\":\"https:\\\/\\\/patiodovale.com\\\/pt-pt\\\/#breadcrumb\",\"itemListElement\":[{\"@type\":\"ListItem\",\"position\":1,\"name\":\"Home\",\"item\":\"https:\\\/\\\/patiodovale.com\\\/pt-pt\\\/\"},{\"@type\":\"ListItem\",\"position\":2,\"name\":\"Home\"}]},{\"@type\":\"WebSite\",\"@id\":\"https:\\\/\\\/patiodovale.com\\\/pt-pt\\\/#website\",\"url\":\"https:\\\/\\\/patiodovale.com\\\/pt-pt\\\/\",\"name\":\"P\u00e1tio do Vale\",\"description\":\"A wonderful B&amp;B on the Portuguese Silver Coast\",\"publisher\":{\"@id\":\"https:\\\/\\\/patiodovale.com\\\/pt-pt\\\/#organization\"},\"potentialAction\":[{\"@type\":\"SearchAction\",\"target\":{\"@type\":\"EntryPoint\",\"urlTemplate\":\"https:\\\/\\\/patiodovale.com\\\/pt-pt\\\/?s={search_term_string}\"},\"query-input\":{\"@type\":\"PropertyValueSpecification\",\"valueRequired\":true,\"valueName\":\"search_term_string\"}}],\"inLanguage\":\"pt-PT\"},{\"@type\":\"Organization\",\"@id\":\"https:\\\/\\\/patiodovale.com\\\/pt-pt\\\/#organization\",\"name\":\"P\u00e1tio do Vale\",\"url\":\"https:\\\/\\\/patiodovale.com\\\/pt-pt\\\/\",\"logo\":{\"@type\":\"ImageObject\",\"inLanguage\":\"pt-PT\",\"@id\":\"https:\\\/\\\/patiodovale.com\\\/pt-pt\\\/#\\\/schema\\\/logo\\\/image\\\/\",\"url\":\"https:\\\/\\\/patiodovale.com\\\/wp-content\\\/uploads\\\/2022\\\/08\\\/logo-patio-do-vale-op-witte-basis-voor-header_400x440px_final.jpg\",\"contentUrl\":\"https:\\\/\\\/patiodovale.com\\\/wp-content\\\/uploads\\\/2022\\\/08\\\/logo-patio-do-vale-op-witte-basis-voor-header_400x440px_final.jpg\",\"width\":1668,\"height\":1835,\"caption\":\"P\u00e1tio do Vale\"},\"image\":{\"@id\":\"https:\\\/\\\/patiodovale.com\\\/pt-pt\\\/#\\\/schema\\\/logo\\\/image\\\/\"}}]}<\/script>\n<!-- \/ Yoast SEO plugin. -->","yoast_head_json":{"title":"Home | P\u00e1tio do Vale","robots":{"index":"index","follow":"follow","max-snippet":"max-snippet:-1","max-image-preview":"max-image-preview:large","max-video-preview":"max-video-preview:-1"},"canonical":"https:\/\/patiodovale.com\/pt-pt\/","og_locale":"pt_PT","og_type":"article","og_title":"Home | P\u00e1tio do Vale","og_url":"https:\/\/patiodovale.com\/pt-pt\/","og_site_name":"P\u00e1tio do Vale","article_modified_time":"2025-02-04T12:51:24+00:00","twitter_card":"summary_large_image","twitter_misc":{"Tempo estimado de leitura":"2 minutos"},"schema":{"@context":"https:\/\/schema.org","@graph":[{"@type":"WebPage","@id":"https:\/\/patiodovale.com\/pt-pt\/","url":"https:\/\/patiodovale.com\/pt-pt\/","name":"Home | P\u00e1tio do Vale","isPartOf":{"@id":"https:\/\/patiodovale.com\/pt-pt\/#website"},"datePublished":"2022-12-27T12:52:41+00:00","dateModified":"2025-02-04T12:51:24+00:00","breadcrumb":{"@id":"https:\/\/patiodovale.com\/pt-pt\/#breadcrumb"},"inLanguage":"pt-PT","potentialAction":[{"@type":"ReadAction","target":["https:\/\/patiodovale.com\/pt-pt\/"]}]},{"@type":"BreadcrumbList","@id":"https:\/\/patiodovale.com\/pt-pt\/#breadcrumb","itemListElement":[{"@type":"ListItem","position":1,"name":"Home","item":"https:\/\/patiodovale.com\/pt-pt\/"},{"@type":"ListItem","position":2,"name":"Home"}]},{"@type":"WebSite","@id":"https:\/\/patiodovale.com\/pt-pt\/#website","url":"https:\/\/patiodovale.com\/pt-pt\/","name":"P\u00e1tio do Vale","description":"A wonderful B&amp;B on the Portuguese Silver Coast","publisher":{"@id":"https:\/\/patiodovale.com\/pt-pt\/#organization"},"potentialAction":[{"@type":"SearchAction","target":{"@type":"EntryPoint","urlTemplate":"https:\/\/patiodovale.com\/pt-pt\/?s={search_term_string}"},"query-input":{"@type":"PropertyValueSpecification","valueRequired":true,"valueName":"search_term_string"}}],"inLanguage":"pt-PT"},{"@type":"Organization","@id":"https:\/\/patiodovale.com\/pt-pt\/#organization","name":"P\u00e1tio do Vale","url":"https:\/\/patiodovale.com\/pt-pt\/","logo":{"@type":"ImageObject","inLanguage":"pt-PT","@id":"https:\/\/patiodovale.com\/pt-pt\/#\/schema\/logo\/image\/","url":"https:\/\/patiodovale.com\/wp-content\/uploads\/2022\/08\/logo-patio-do-vale-op-witte-basis-voor-header_400x440px_final.jpg","contentUrl":"https:\/\/patiodovale.com\/wp-content\/uploads\/2022\/08\/logo-patio-do-vale-op-witte-basis-voor-header_400x440px_final.jpg","width":1668,"height":1835,"caption":"P\u00e1tio do Vale"},"image":{"@id":"https:\/\/patiodovale.com\/pt-pt\/#\/schema\/logo\/image\/"}}]}},"_links":{"self":[{"href":"https:\/\/patiodovale.com\/pt-pt\/wp-json\/wp\/v2\/pages\/4347","targetHints":{"allow":["GET"]}}],"collection":[{"href":"https:\/\/patiodovale.com\/pt-pt\/wp-json\/wp\/v2\/pages"}],"about":[{"href":"https:\/\/patiodovale.com\/pt-pt\/wp-json\/wp\/v2\/types\/page"}],"author":[{"embeddable":true,"href":"https:\/\/patiodovale.com\/pt-pt\/wp-json\/wp\/v2\/users\/3"}],"replies":[{"embeddable":true,"href":"https:\/\/patiodovale.com\/pt-pt\/wp-json\/wp\/v2\/comments?post=4347"}],"version-history":[{"count":0,"href":"https:\/\/patiodovale.com\/pt-pt\/wp-json\/wp\/v2\/pages\/4347\/revisions"}],"wp:attachment":[{"href":"https:\/\/patiodovale.com\/pt-pt\/wp-json\/wp\/v2\/media?parent=4347"}],"curies":[{"name":"wp","href":"https:\/\/api.w.org\/{rel}","templated":true}]}}