{"id":4421,"date":"2022-09-05T12:00:20","date_gmt":"2022-09-05T11:00:20","guid":{"rendered":"https:\/\/patiodovale.com\/rafraichissements\/"},"modified":"2025-10-30T09:50:25","modified_gmt":"2025-10-30T09:50:25","slug":"rafraichissements","status":"publish","type":"page","link":"https:\/\/patiodovale.com\/fr\/rafraichissements\/","title":{"rendered":"rafra\u00eechissements"},"content":{"rendered":"<section class=\"l-section wpb_row height_medium\"><div class=\"l-section-h i-cf\"><div class=\"g-cols vc_row via_flex valign_top type_default stacking_default\"><div class=\"vc_col-sm-12 wpb_column vc_column_container\"><div class=\"vc_column-inner\"><div class=\"wpb_wrapper\">[vc_custom_heading text=\u00a0\u00bbCollations et des boissons avec des produits locales\u00a0\u00bb font_container=\u00a0\u00bbtag:h1|text_align:left\u00a0\u00bb]<div class=\"g-cols wpb_row via_flex valign_middle type_default stacking_default\"><div class=\"vc_col-sm-6 wpb_column vc_column_container\"><div class=\"vc_column-inner\"><div class=\"wpb_wrapper\"><div class=\"wpb_text_column\"><div class=\"wpb_wrapper\"><p><span style=\"color: #4c8eaa;\"><strong>D\u00e9licieux Cafe du matin<\/strong><\/span><br \/>\nTout les matins nous pr\u00e9parons un d\u00e9licieux petit d\u00e9jeuner, pour ceux qui le d\u00e9sirent, avec du jus de fruits naturelle, des oeufs frais, yogourt avec granola et fruits de saison (e avec un peu de chance, directe des vergers). La boulangerie local offre une vari\u00e9t\u00e9 de pains a la sortie du four. Que demande le peuple, pour mieux commencer la journ\u00e9e?<br \/>\n<span>* 10 \u20ac par personne et 5 \u20ac pour les enfants de 6 \u00e0 10 ans.<\/span><\/p>\n<p><span style=\"color: #4c8eaa;\"><strong>La cuisine ext\u00e9rieur<\/strong><\/span><br \/>\nL\u2019accuillente cuisine ext\u00e9rieur est totalement \u00e9quip\u00e9 et \u00e0 votre disposition pendant votre s\u00e9jour. En plus et a n\u2019importe quelle heure de la journ\u00e9e prendre une boisson dans le frigo. Nous avons a v\u00f4tre disposition des r\u00e9frig\u00e9rants frais, vins locaux et amuse gaule. Vous n&rsquo;avez que suivre vos consommations sur la fiche de vos chambres. Simple et pratique! Th\u00e9, caf\u00e9 et limonade fra\u00eeche dont aussi toujours disponible. <span>Notez vos consommations sur la liste pr\u00e9vue \u00e0 cet effet dans votre chambre. Simple et pratique !<\/span><\/p>\n<p><span style=\"color: #4c8eaa;\"><strong>Petiscos et Coqueteills<\/strong><\/span><br \/>\n<span>\u00ab Pet\u00edscos \u00bb signifie \u00ab tapas \u00bb en portugais\u2026 et nous les adorons ! Nous proposons une petite carte de d\u00e9licieuses tapas, toutes pr\u00e9par\u00e9es avec des produits locaux, disponibles sur demande. Nous organisons aussi de temps en temps des \u00ab cocktails au bord de la piscine \u00bb\u2026 consultez le r\u00e9frig\u00e9rateur jaune pour les annonces.<\/span><\/p>\n<p><span style=\"color: #4c8eaa;\"><strong>Options pour le diner \u00e0 votre arriv\u00e9e : <\/strong><\/span><br \/>\nNotre r\u00e9gion regorge de charmants restaurants, mais nous comprenons qu&rsquo;apr\u00e8s une longue journ\u00e9e de voyage, vous n&rsquo;ayez pas forc\u00e9ment envie de sortir ou de cuisiner. Pas de souci ! Nous vous proposons deux autres options :<\/p>\n<p><span style=\"color: #4c8eaa;\"><strong>Formule barbecue :<\/strong><\/span><br \/>\nChoisissez le type de barbecue que vous souhaitez : viande, poisson, l\u00e9gumes ou un assortiment. Nous nous occupons de tout et vous aidons m\u00eame \u00e0 allumer le barbecue si besoin ! Servi avec salade, pain frais et deux sauces.<br \/>\n* 25 \u20ac par personne, boissons comprises .<\/p>\n<p><span style=\"color: #4c8eaa;\"><strong>D\u00eener fait maison :<\/strong><\/span><br \/>\nNos d\u00eeners fait maison varient selon les produits de saison : p\u00e2tes, wraps, plat au four, grande salade avec pain frais, soupe maison\u2026 Indiquez-nous simplement votre pr\u00e9f\u00e9rence (viande, poisson ou l\u00e9gumes).<br \/>\n* 18,50 \u20ac par personne, boissons comprises.<\/p>\n<\/div><\/div><\/div><\/div><\/div><div class=\"vc_col-sm-6 wpb_column vc_column_container\"><div class=\"vc_column-inner\"><div class=\"wpb_wrapper\"><div class=\"w-image align_center\"><div class=\"w-image-h\"><img decoding=\"async\" width=\"268\" height=\"400\" src=\"https:\/\/patiodovale.com\/wp-content\/uploads\/2022\/12\/K-R-RUUD-bbq-plus-vector-zwart-268x400.png\" class=\"attachment-us_600_400 size-us_600_400\" alt=\"\" loading=\"lazy\" srcset=\"https:\/\/patiodovale.com\/wp-content\/uploads\/2022\/12\/K-R-RUUD-bbq-plus-vector-zwart-268x400.png 268w, https:\/\/patiodovale.com\/wp-content\/uploads\/2022\/12\/K-R-RUUD-bbq-plus-vector-zwart-201x300.png 201w, https:\/\/patiodovale.com\/wp-content\/uploads\/2022\/12\/K-R-RUUD-bbq-plus-vector-zwart-686x1024.png 686w, https:\/\/patiodovale.com\/wp-content\/uploads\/2022\/12\/K-R-RUUD-bbq-plus-vector-zwart-134x200.png 134w, https:\/\/patiodovale.com\/wp-content\/uploads\/2022\/12\/K-R-RUUD-bbq-plus-vector-zwart-117x175.png 117w\" sizes=\"auto, (max-width: 268px) 100vw, 268px\" \/><\/div><\/div><\/div><\/div><\/div><\/div><\/div><\/div><\/div><\/div><\/div><\/section>\n","protected":false},"excerpt":{"rendered":"[vc_custom_heading text=\"Collations et des boissons avec des produits locales\" font_container=\"tag:h1|text_align:left\"]D\u00e9licieux Cafe du matin Tout les matins nous pr\u00e9parons un d\u00e9licieux petit d\u00e9jeuner, pour ceux qui le d\u00e9sirent, avec du jus de fruits naturelle, des oeufs frais, yogourt avec granola et fruits de saison (e avec un peu de chance, directe des vergers). La boulangerie local...","protected":false},"author":3,"featured_media":0,"parent":0,"menu_order":0,"comment_status":"closed","ping_status":"closed","template":"","meta":{"_acf_changed":false,"footnotes":""},"class_list":["post-4421","page","type-page","status-publish","hentry"],"acf":[],"yoast_head":"<!-- This site is optimized with the Yoast SEO plugin v27.3 - https:\/\/yoast.com\/product\/yoast-seo-wordpress\/ -->\n<title>rafra\u00eechissements | P\u00e1tio do Vale<\/title>\n<meta name=\"robots\" content=\"index, follow, max-snippet:-1, max-image-preview:large, max-video-preview:-1\" \/>\n<link rel=\"canonical\" href=\"https:\/\/patiodovale.com\/fr\/rafraichissements\/\" \/>\n<meta property=\"og:locale\" content=\"fr_FR\" \/>\n<meta property=\"og:type\" content=\"article\" \/>\n<meta property=\"og:title\" content=\"rafra\u00eechissements | P\u00e1tio do Vale\" \/>\n<meta property=\"og:url\" content=\"https:\/\/patiodovale.com\/fr\/rafraichissements\/\" \/>\n<meta property=\"og:site_name\" content=\"P\u00e1tio do Vale\" \/>\n<meta property=\"article:modified_time\" content=\"2025-10-30T09:50:25+00:00\" \/>\n<meta name=\"twitter:card\" content=\"summary_large_image\" \/>\n<meta name=\"twitter:label1\" content=\"Dur\u00e9e de lecture estim\u00e9e\" \/>\n\t<meta name=\"twitter:data1\" content=\"2 minutes\" \/>\n<script type=\"application\/ld+json\" class=\"yoast-schema-graph\">{\"@context\":\"https:\\\/\\\/schema.org\",\"@graph\":[{\"@type\":\"WebPage\",\"@id\":\"https:\\\/\\\/patiodovale.com\\\/fr\\\/rafraichissements\\\/\",\"url\":\"https:\\\/\\\/patiodovale.com\\\/fr\\\/rafraichissements\\\/\",\"name\":\"rafra\u00eechissements | P\u00e1tio do Vale\",\"isPartOf\":{\"@id\":\"https:\\\/\\\/patiodovale.com\\\/fr\\\/#website\"},\"datePublished\":\"2022-09-05T11:00:20+00:00\",\"dateModified\":\"2025-10-30T09:50:25+00:00\",\"breadcrumb\":{\"@id\":\"https:\\\/\\\/patiodovale.com\\\/fr\\\/rafraichissements\\\/#breadcrumb\"},\"inLanguage\":\"fr-FR\",\"potentialAction\":[{\"@type\":\"ReadAction\",\"target\":[\"https:\\\/\\\/patiodovale.com\\\/fr\\\/rafraichissements\\\/\"]}]},{\"@type\":\"BreadcrumbList\",\"@id\":\"https:\\\/\\\/patiodovale.com\\\/fr\\\/rafraichissements\\\/#breadcrumb\",\"itemListElement\":[{\"@type\":\"ListItem\",\"position\":1,\"name\":\"Home\",\"item\":\"https:\\\/\\\/patiodovale.com\\\/fr\\\/\"},{\"@type\":\"ListItem\",\"position\":2,\"name\":\"rafra\u00eechissements\"}]},{\"@type\":\"WebSite\",\"@id\":\"https:\\\/\\\/patiodovale.com\\\/fr\\\/#website\",\"url\":\"https:\\\/\\\/patiodovale.com\\\/fr\\\/\",\"name\":\"P\u00e1tio do Vale\",\"description\":\"A wonderful B&amp;B on the Portuguese Silver Coast\",\"publisher\":{\"@id\":\"https:\\\/\\\/patiodovale.com\\\/fr\\\/#organization\"},\"potentialAction\":[{\"@type\":\"SearchAction\",\"target\":{\"@type\":\"EntryPoint\",\"urlTemplate\":\"https:\\\/\\\/patiodovale.com\\\/fr\\\/?s={search_term_string}\"},\"query-input\":{\"@type\":\"PropertyValueSpecification\",\"valueRequired\":true,\"valueName\":\"search_term_string\"}}],\"inLanguage\":\"fr-FR\"},{\"@type\":\"Organization\",\"@id\":\"https:\\\/\\\/patiodovale.com\\\/fr\\\/#organization\",\"name\":\"P\u00e1tio do Vale\",\"url\":\"https:\\\/\\\/patiodovale.com\\\/fr\\\/\",\"logo\":{\"@type\":\"ImageObject\",\"inLanguage\":\"fr-FR\",\"@id\":\"https:\\\/\\\/patiodovale.com\\\/fr\\\/#\\\/schema\\\/logo\\\/image\\\/\",\"url\":\"https:\\\/\\\/patiodovale.com\\\/wp-content\\\/uploads\\\/2022\\\/08\\\/logo-patio-do-vale-op-witte-basis-voor-header_400x440px_final.jpg\",\"contentUrl\":\"https:\\\/\\\/patiodovale.com\\\/wp-content\\\/uploads\\\/2022\\\/08\\\/logo-patio-do-vale-op-witte-basis-voor-header_400x440px_final.jpg\",\"width\":1668,\"height\":1835,\"caption\":\"P\u00e1tio do Vale\"},\"image\":{\"@id\":\"https:\\\/\\\/patiodovale.com\\\/fr\\\/#\\\/schema\\\/logo\\\/image\\\/\"}}]}<\/script>\n<!-- \/ Yoast SEO plugin. -->","yoast_head_json":{"title":"rafra\u00eechissements | P\u00e1tio do Vale","robots":{"index":"index","follow":"follow","max-snippet":"max-snippet:-1","max-image-preview":"max-image-preview:large","max-video-preview":"max-video-preview:-1"},"canonical":"https:\/\/patiodovale.com\/fr\/rafraichissements\/","og_locale":"fr_FR","og_type":"article","og_title":"rafra\u00eechissements | P\u00e1tio do Vale","og_url":"https:\/\/patiodovale.com\/fr\/rafraichissements\/","og_site_name":"P\u00e1tio do Vale","article_modified_time":"2025-10-30T09:50:25+00:00","twitter_card":"summary_large_image","twitter_misc":{"Dur\u00e9e de lecture estim\u00e9e":"2 minutes"},"schema":{"@context":"https:\/\/schema.org","@graph":[{"@type":"WebPage","@id":"https:\/\/patiodovale.com\/fr\/rafraichissements\/","url":"https:\/\/patiodovale.com\/fr\/rafraichissements\/","name":"rafra\u00eechissements | P\u00e1tio do Vale","isPartOf":{"@id":"https:\/\/patiodovale.com\/fr\/#website"},"datePublished":"2022-09-05T11:00:20+00:00","dateModified":"2025-10-30T09:50:25+00:00","breadcrumb":{"@id":"https:\/\/patiodovale.com\/fr\/rafraichissements\/#breadcrumb"},"inLanguage":"fr-FR","potentialAction":[{"@type":"ReadAction","target":["https:\/\/patiodovale.com\/fr\/rafraichissements\/"]}]},{"@type":"BreadcrumbList","@id":"https:\/\/patiodovale.com\/fr\/rafraichissements\/#breadcrumb","itemListElement":[{"@type":"ListItem","position":1,"name":"Home","item":"https:\/\/patiodovale.com\/fr\/"},{"@type":"ListItem","position":2,"name":"rafra\u00eechissements"}]},{"@type":"WebSite","@id":"https:\/\/patiodovale.com\/fr\/#website","url":"https:\/\/patiodovale.com\/fr\/","name":"P\u00e1tio do Vale","description":"A wonderful B&amp;B on the Portuguese Silver Coast","publisher":{"@id":"https:\/\/patiodovale.com\/fr\/#organization"},"potentialAction":[{"@type":"SearchAction","target":{"@type":"EntryPoint","urlTemplate":"https:\/\/patiodovale.com\/fr\/?s={search_term_string}"},"query-input":{"@type":"PropertyValueSpecification","valueRequired":true,"valueName":"search_term_string"}}],"inLanguage":"fr-FR"},{"@type":"Organization","@id":"https:\/\/patiodovale.com\/fr\/#organization","name":"P\u00e1tio do Vale","url":"https:\/\/patiodovale.com\/fr\/","logo":{"@type":"ImageObject","inLanguage":"fr-FR","@id":"https:\/\/patiodovale.com\/fr\/#\/schema\/logo\/image\/","url":"https:\/\/patiodovale.com\/wp-content\/uploads\/2022\/08\/logo-patio-do-vale-op-witte-basis-voor-header_400x440px_final.jpg","contentUrl":"https:\/\/patiodovale.com\/wp-content\/uploads\/2022\/08\/logo-patio-do-vale-op-witte-basis-voor-header_400x440px_final.jpg","width":1668,"height":1835,"caption":"P\u00e1tio do Vale"},"image":{"@id":"https:\/\/patiodovale.com\/fr\/#\/schema\/logo\/image\/"}}]}},"_links":{"self":[{"href":"https:\/\/patiodovale.com\/fr\/wp-json\/wp\/v2\/pages\/4421","targetHints":{"allow":["GET"]}}],"collection":[{"href":"https:\/\/patiodovale.com\/fr\/wp-json\/wp\/v2\/pages"}],"about":[{"href":"https:\/\/patiodovale.com\/fr\/wp-json\/wp\/v2\/types\/page"}],"author":[{"embeddable":true,"href":"https:\/\/patiodovale.com\/fr\/wp-json\/wp\/v2\/users\/3"}],"replies":[{"embeddable":true,"href":"https:\/\/patiodovale.com\/fr\/wp-json\/wp\/v2\/comments?post=4421"}],"version-history":[{"count":0,"href":"https:\/\/patiodovale.com\/fr\/wp-json\/wp\/v2\/pages\/4421\/revisions"}],"wp:attachment":[{"href":"https:\/\/patiodovale.com\/fr\/wp-json\/wp\/v2\/media?parent=4421"}],"curies":[{"name":"wp","href":"https:\/\/api.w.org\/{rel}","templated":true}]}}