{"id":4327,"date":"2022-08-24T10:17:00","date_gmt":"2022-08-24T09:17:00","guid":{"rendered":"https:\/\/patiodovale.com\/chambres\/"},"modified":"2025-01-20T11:22:51","modified_gmt":"2025-01-20T11:22:51","slug":"chambres","status":"publish","type":"page","link":"https:\/\/patiodovale.com\/fr\/chambres\/","title":{"rendered":"chambres"},"content":{"rendered":"<section class=\"l-section wpb_row height_medium\"><div class=\"l-section-h i-cf\"><div class=\"g-cols vc_row via_flex valign_top type_default stacking_default\"><div class=\"vc_col-sm-12 wpb_column vc_column_container\"><div class=\"vc_column-inner\"><div class=\"wpb_wrapper\">[vc_custom_heading text=\u00a0\u00bbDormez dans un endroit que vous ne voudrez plus quitter\u00a0\u00bb font_container=\u00a0\u00bbtag:h1|text_align:left\u00a0\u00bb use_theme_fonts=\u00a0\u00bbyes\u00a0\u00bb]<div class=\"g-cols wpb_row via_flex valign_top type_default stacking_default\"><div class=\"vc_col-sm-6 wpb_column vc_column_container\"><div class=\"vc_column-inner\"><div class=\"wpb_wrapper\"><div class=\"wpb_text_column us_custom_e6fee446\"><div class=\"wpb_wrapper\"><p><strong>Nos chambres sont spacieux, lumineux avec beaucoup de charme, sans bruits et d\u00e9corer avec amour et attention. Chaque chambre a sa salle de bain moderne et sa terrasse priv\u00e9e.<\/strong><\/p>\n<p>A la recherche d&rsquo;une affaire substantielle, nous avons donner une particuli\u00e8re attention a nos chambres et leur literie.<br \/>\nParce que une bonne nuit de sommeil est tr\u00e8s important no P\u00e1tio do Vale!<br \/>\nAu P\u00e1tio do Vale, nous avons donc soigneusement s\u00e9lectionn\u00e9 des lits merveilleux avec des draps encore plus d\u00e9licieux.<br \/>\nCette literie est compos\u00e9e \u00e0 100% de coton biologique et de lin lav\u00e9, produite avec la plus grande attention possible \u00e0 l&rsquo;environnement, aux personnes et aux animaux.<\/p>\n<p>Dormez bien!<\/p>\n<\/div><\/div><\/div><\/div><\/div><div class=\"vc_col-sm-3 wpb_column vc_column_container\"><div class=\"vc_column-inner\"><div class=\"wpb_wrapper\"><div class=\"w-image align_none\"><a title=\"reservation in het frans\" href=\"https:\/\/patiodovale.com\/fr\/reserver\/\" aria-label=\"illustratie_FR reservez_website pagina rooms_FINAL 11012023\" class=\"w-image-h\"><img decoding=\"async\" width=\"300\" height=\"300\" src=\"https:\/\/patiodovale.com\/wp-content\/uploads\/2023\/01\/illustratie_FR-reservez_website-pagina-rooms_FINAL-11012023-300x300.png\" class=\"attachment-medium size-medium\" alt=\"\" loading=\"lazy\" srcset=\"https:\/\/patiodovale.com\/wp-content\/uploads\/2023\/01\/illustratie_FR-reservez_website-pagina-rooms_FINAL-11012023-300x300.png 300w, https:\/\/patiodovale.com\/wp-content\/uploads\/2023\/01\/illustratie_FR-reservez_website-pagina-rooms_FINAL-11012023-150x150.png 150w, https:\/\/patiodovale.com\/wp-content\/uploads\/2023\/01\/illustratie_FR-reservez_website-pagina-rooms_FINAL-11012023-200x200.png 200w, https:\/\/patiodovale.com\/wp-content\/uploads\/2023\/01\/illustratie_FR-reservez_website-pagina-rooms_FINAL-11012023-400x400.png 400w, https:\/\/patiodovale.com\/wp-content\/uploads\/2023\/01\/illustratie_FR-reservez_website-pagina-rooms_FINAL-11012023-175x175.png 175w, https:\/\/patiodovale.com\/wp-content\/uploads\/2023\/01\/illustratie_FR-reservez_website-pagina-rooms_FINAL-11012023.png 1001w\" sizes=\"auto, (max-width: 300px) 100vw, 300px\" \/><\/a><\/div><\/div><\/div><\/div><div class=\"vc_col-sm-3 wpb_column vc_column_container\"><div class=\"vc_column-inner\"><div class=\"wpb_wrapper\"><div class=\"w-popup align_center\"><button class=\"w-popup-trigger type_image\" type=\"button\" aria-label=\"Popup\"><img decoding=\"async\" width=\"300\" height=\"300\" src=\"https:\/\/patiodovale.com\/wp-content\/uploads\/2023\/01\/illustratie_FR-tarifs_website-pagina-rooms_FINAL-11012023-300x300.png\" class=\"attachment-medium size-medium\" alt=\"\" srcset=\"https:\/\/patiodovale.com\/wp-content\/uploads\/2023\/01\/illustratie_FR-tarifs_website-pagina-rooms_FINAL-11012023-300x300.png 300w, https:\/\/patiodovale.com\/wp-content\/uploads\/2023\/01\/illustratie_FR-tarifs_website-pagina-rooms_FINAL-11012023-150x150.png 150w, https:\/\/patiodovale.com\/wp-content\/uploads\/2023\/01\/illustratie_FR-tarifs_website-pagina-rooms_FINAL-11012023-200x200.png 200w, https:\/\/patiodovale.com\/wp-content\/uploads\/2023\/01\/illustratie_FR-tarifs_website-pagina-rooms_FINAL-11012023-400x400.png 400w, https:\/\/patiodovale.com\/wp-content\/uploads\/2023\/01\/illustratie_FR-tarifs_website-pagina-rooms_FINAL-11012023-175x175.png 175w, https:\/\/patiodovale.com\/wp-content\/uploads\/2023\/01\/illustratie_FR-tarifs_website-pagina-rooms_FINAL-11012023.png 1001w\" sizes=\"(max-width: 300px) 100vw, 300px\" \/><\/button><div class=\"w-popup-overlay\" style=\"background:rgba(0,0,0,0.85);\"><\/div><div class=\"w-popup-wrap layout_default\" role=\"dialog\" aria-modal=\"true\" aria-label=\"Popup\" style=\"--title-color:var(--color-content-heading);--title-bg-color:var(--color-content-bg-alt);--content-color:var(--color-content-text);--content-bg-color:var(--color-content-bg);--popup-border-radius:5px;--popup-width:90%;--popup-padding:0.1rem;\"><div class=\"w-popup-box animation_scaleDown closerpos_inside without_title\"><div class=\"w-popup-box-h\"><button aria-label=\"Fermer\" class=\"w-popup-closer\" type=\"button\"><\/button><div class=\"w-popup-box-content\"><section class=\"l-section wpb_row height_medium\"><div class=\"l-section-h i-cf\"><div class=\"g-cols vc_row via_flex valign_top type_default stacking_default\"><div class=\"vc_col-sm-12 wpb_column vc_column_container\"><div class=\"vc_column-inner\"><div class=\"wpb_wrapper\"><div class=\"wpb_text_column\"><div class=\"wpb_wrapper\"><h1>Tarifs Patio do Vale 2026<\/h1>\n<\/div><\/div><div class=\"w-separator size_small\"><\/div><div class=\"g-cols wpb_row via_flex valign_top type_default stacking_default\"><div class=\"vc_col-sm-8 wpb_column vc_column_container\"><div class=\"vc_column-inner\"><div class=\"wpb_wrapper\"><div class=\"wpb_text_column\"><div class=\"wpb_wrapper\"><p>Nous avons de 4 chambres doubles en 1 chambre double avec 2 chambres s\u00e9par\u00e9es spacieuses (pour un groupe ou pour les enfants). Toutes nos chambres ont une salle de bain attenante, des serviettes douces et literie.<\/p>\n<p>Nos tarifs s\u2019entendent par chambre\/par nuit. S\u00e9jour minimum de 2 nuits.<br \/>\nEnfants jusqu\u2019\u00e0 4 ans gratuit, \u00e0 partir de 5 ans il y a un suppl\u00e9ment de \u20ac 10,- par enfant et par nuit.<\/p>\n<p>Il est \u00e9galement possible de louer toutes les salles pour des petits groupes d&rsquo;une capacit\u00e9 maximale de 16 personnes. Alors, \u00eates-vous int\u00e9ress\u00e9 \u00e0 venir dans notre lieu pour votre mariage, anniversaire, retraite, s\u00e9jour en famille\/entre amis ? Envoyez un email \u00e0 info@patiodovale.com et faites-nous part de vos souhaits, et nous \u00e9tudierons ensemble les possibilit\u00e9s<\/p>\n<p>Y compris serviettes, literie, caf\u00e9, th\u00e9, limonade et utilisation de la piscine et de la cuisine ext\u00e9rieure couverte, barbecue, Wifi et TVA, hors le petit-d\u00e9jeuner<\/p>\n<\/div><\/div><\/div><\/div><\/div><div class=\"vc_col-sm-4 wpb_column vc_column_container\"><div class=\"vc_column-inner\"><div class=\"wpb_wrapper\"><\/div><\/div><\/div><\/div><div class=\"g-cols wpb_row via_flex valign_top type_default stacking_default\"><div class=\"vc_col-sm-12 wpb_column vc_column_container\"><div class=\"vc_column-inner\"><div class=\"wpb_wrapper\"><h2 class=\"red\">Les chambres<\/h2><p>Alegria | P\u00e1tio | Cantinho | M\u00fasica | *Saudade | *Boa onda  | *Fofinha <\/p><p> *Ces chambres ne sont disponibles que si l'ensemble des locaux est r\u00e9serv\u00e9.<\/p><span><table class=\"prijstabel\">\n  <thead>\n  <tr class=\"naam\">\n  <th><\/th>\n      <th colspan=\"2\">Algeria<\/th>\n\t  <th colspan=\"2\">P\u00e1tio<\/th>\n\t  <th colspan=\"2\">Cantinho<\/th>\n\t  <th colspan=\"2\">M\u00fasica<\/th>\n\t \t \n  <\/tr>\n  <tr class=\"dagen\">\n      <th><\/th>\n\t  <th class=\"dag\">Jour<\/th><th class=\"week\">Semaine<\/th>\n\t  <th class=\"dag\">Jour<\/th><th class=\"week\">Semaine<\/th>\n\t  <th class=\"dag\">Jour<\/th><th class=\"week\">Semaine<\/th>\n\t  <th class=\"dag\">Jour<\/th><th class=\"week\">Semaine<\/th>\n  <\/tr>\n<\/thead>\n<tbody><\/span><tr class=\"prijs\">\n    <td>Printemps<span style=\"display:block\"><sub>Avr,Mai,Juin<\/sub><span><\/td><td><span class=\"euro\">\u20ac <\/span>85,-<\/td><td><span class=\"euro\">\u20ac <\/span>550,-<\/td><td><span class=\"euro\">\u20ac <\/span>85,-<\/td><td><span class=\"euro\">\u20ac <\/span>550,-<\/td><td><span class=\"euro\">\u20ac <\/span>85,-<\/td><td><span class=\"euro\">\u20ac <\/span>550,-<\/td><td><span class=\"euro\">\u20ac <\/span>85,-<\/td><td><span class=\"euro\">\u20ac <\/span>550,-<\/td><\/tr><tr class=\"prijs\">\n    <td>L'\u00e9t\u00e9<span style=\"display:block\"><sub>Juil,Ao\u00fbt,Sep<\/sub><span><\/td><td><span class=\"euro\">\u20ac <\/span>95,-<\/td><td><span class=\"euro\">\u20ac <\/span>650,-<\/td><td><span class=\"euro\">\u20ac <\/span>95,-<\/td><td><span class=\"euro\">\u20ac <\/span>650,-<\/td><td><span class=\"euro\">\u20ac <\/span>95,-<\/td><td><span class=\"euro\">\u20ac <\/span>650,-<\/td><td><span class=\"euro\">\u20ac <\/span>95,-<\/td><td><span class=\"euro\">\u20ac <\/span>650,-<\/td><\/tr><tr class=\"prijs\">\n    <td>L'automne<span style=\"display:block\"><sub>Oct<\/sub><span><\/td><td><span class=\"euro\">\u20ac <\/span>85,-<\/td><td><span class=\"euro\">\u20ac <\/span>550,-<\/td><td><span class=\"euro\">\u20ac <\/span>85,-<\/td><td><span class=\"euro\">\u20ac <\/span>550,-<\/td><td><span class=\"euro\">\u20ac <\/span>85,-<\/td><td><span class=\"euro\">\u20ac <\/span>550,-<\/td><td><span class=\"euro\">\u20ac <\/span>85,-<\/td><td><span class=\"euro\">\u20ac <\/span>550,-<\/td><\/tr><tr class=\"prijs\">\n    <td>Hiver<span style=\"display:block\"><sub>Nov,D\u00e9c,Jan,F\u00e9v,Mar<\/sub><span><\/td><td><span class=\"euro\">\u20ac <\/span>55,-<\/td><td><span class=\"euro\">\u20ac <\/span>375,-<\/td><td><span class=\"euro\">\u20ac <\/span>55,-<\/td><td><span class=\"euro\">\u20ac <\/span>365,-<\/td><td><span class=\"euro\">\u20ac <\/span>55,-<\/td><td><span class=\"euro\">\u20ac <\/span>365,-<\/td><td><span class=\"euro\">\u20ac <\/span>55,-<\/td><td><span class=\"euro\">\u20ac <\/span>365,-<\/td><\/tr><tr class=\"ontbijt\"><td>Petit d\u00e9jeuner super d\u00e9licieux<\/td><td colspan=\"2\">Adultes : <span class=\"euro\">\u20ac <\/span>10,-<\/td><td colspan=\"2\">Enfants  (6-10 Ans) : <span class=\"euro\">\u20ac <\/span>5,-<\/td><td colspan=\"4\"><\/td><\/tr><\/tbody><\/table>\n<p class=\"opm\">*uniquement disponible en combinaison avec la chambre saudade<p><\/div><\/div><\/div><\/div><\/div><\/div><\/div><\/div><\/div><\/section>\n<\/div><\/div><\/div><\/div><\/div><\/div><\/div><\/div><\/div><div class=\"g-cols wpb_row via_flex valign_top type_default stacking_default\"><div class=\"vc_col-sm-12 wpb_column vc_column_container\"><div class=\"vc_column-inner\"><div class=\"wpb_wrapper\"><div class=\"w-separator size_small\"><\/div>[vc_custom_heading text=\u00a0\u00bbImpression\u00a0\u00bb use_theme_fonts=\u00a0\u00bbyes\u00a0\u00bb]<\/div><\/div><\/div><\/div><\/div><\/div><\/div><\/div><\/div><\/section>\n","protected":false},"excerpt":{"rendered":"[vc_custom_heading text=\"Dormez dans un endroit que vous ne voudrez plus quitter\" font_container=\"tag:h1|text_align:left\" use_theme_fonts=\"yes\"]Nos chambres sont spacieux, lumineux avec beaucoup de charme, sans bruits et d\u00e9corer avec amour et attention. Chaque chambre a sa salle de bain moderne et sa terrasse priv\u00e9e. A la recherche d&rsquo;une affaire substantielle, nous avons donner une particuli\u00e8re attention a nos...","protected":false},"author":3,"featured_media":0,"parent":0,"menu_order":0,"comment_status":"closed","ping_status":"closed","template":"","meta":{"_acf_changed":false,"footnotes":""},"class_list":["post-4327","page","type-page","status-publish","hentry"],"acf":[],"yoast_head":"<!-- This site is optimized with the Yoast SEO plugin v27.3 - https:\/\/yoast.com\/product\/yoast-seo-wordpress\/ -->\n<title>chambres | P\u00e1tio do Vale<\/title>\n<meta name=\"robots\" content=\"index, follow, max-snippet:-1, max-image-preview:large, max-video-preview:-1\" \/>\n<link rel=\"canonical\" href=\"https:\/\/patiodovale.com\/fr\/chambres\/\" \/>\n<meta property=\"og:locale\" content=\"fr_FR\" \/>\n<meta property=\"og:type\" content=\"article\" \/>\n<meta property=\"og:title\" content=\"chambres | P\u00e1tio do Vale\" \/>\n<meta property=\"og:url\" content=\"https:\/\/patiodovale.com\/fr\/chambres\/\" \/>\n<meta property=\"og:site_name\" content=\"P\u00e1tio do Vale\" \/>\n<meta property=\"article:modified_time\" content=\"2025-01-20T11:22:51+00:00\" \/>\n<meta name=\"twitter:card\" content=\"summary_large_image\" \/>\n<meta name=\"twitter:label1\" content=\"Dur\u00e9e de lecture estim\u00e9e\" \/>\n\t<meta name=\"twitter:data1\" content=\"1 minute\" \/>\n<script type=\"application\/ld+json\" class=\"yoast-schema-graph\">{\"@context\":\"https:\\\/\\\/schema.org\",\"@graph\":[{\"@type\":\"WebPage\",\"@id\":\"https:\\\/\\\/patiodovale.com\\\/fr\\\/chambres\\\/\",\"url\":\"https:\\\/\\\/patiodovale.com\\\/fr\\\/chambres\\\/\",\"name\":\"chambres | P\u00e1tio do Vale\",\"isPartOf\":{\"@id\":\"https:\\\/\\\/patiodovale.com\\\/fr\\\/#website\"},\"datePublished\":\"2022-08-24T09:17:00+00:00\",\"dateModified\":\"2025-01-20T11:22:51+00:00\",\"breadcrumb\":{\"@id\":\"https:\\\/\\\/patiodovale.com\\\/fr\\\/chambres\\\/#breadcrumb\"},\"inLanguage\":\"fr-FR\",\"potentialAction\":[{\"@type\":\"ReadAction\",\"target\":[\"https:\\\/\\\/patiodovale.com\\\/fr\\\/chambres\\\/\"]}]},{\"@type\":\"BreadcrumbList\",\"@id\":\"https:\\\/\\\/patiodovale.com\\\/fr\\\/chambres\\\/#breadcrumb\",\"itemListElement\":[{\"@type\":\"ListItem\",\"position\":1,\"name\":\"Home\",\"item\":\"https:\\\/\\\/patiodovale.com\\\/fr\\\/\"},{\"@type\":\"ListItem\",\"position\":2,\"name\":\"chambres\"}]},{\"@type\":\"WebSite\",\"@id\":\"https:\\\/\\\/patiodovale.com\\\/fr\\\/#website\",\"url\":\"https:\\\/\\\/patiodovale.com\\\/fr\\\/\",\"name\":\"P\u00e1tio do Vale\",\"description\":\"A wonderful B&amp;B on the Portuguese Silver Coast\",\"publisher\":{\"@id\":\"https:\\\/\\\/patiodovale.com\\\/fr\\\/#organization\"},\"potentialAction\":[{\"@type\":\"SearchAction\",\"target\":{\"@type\":\"EntryPoint\",\"urlTemplate\":\"https:\\\/\\\/patiodovale.com\\\/fr\\\/?s={search_term_string}\"},\"query-input\":{\"@type\":\"PropertyValueSpecification\",\"valueRequired\":true,\"valueName\":\"search_term_string\"}}],\"inLanguage\":\"fr-FR\"},{\"@type\":\"Organization\",\"@id\":\"https:\\\/\\\/patiodovale.com\\\/fr\\\/#organization\",\"name\":\"P\u00e1tio do Vale\",\"url\":\"https:\\\/\\\/patiodovale.com\\\/fr\\\/\",\"logo\":{\"@type\":\"ImageObject\",\"inLanguage\":\"fr-FR\",\"@id\":\"https:\\\/\\\/patiodovale.com\\\/fr\\\/#\\\/schema\\\/logo\\\/image\\\/\",\"url\":\"https:\\\/\\\/patiodovale.com\\\/wp-content\\\/uploads\\\/2022\\\/08\\\/logo-patio-do-vale-op-witte-basis-voor-header_400x440px_final.jpg\",\"contentUrl\":\"https:\\\/\\\/patiodovale.com\\\/wp-content\\\/uploads\\\/2022\\\/08\\\/logo-patio-do-vale-op-witte-basis-voor-header_400x440px_final.jpg\",\"width\":1668,\"height\":1835,\"caption\":\"P\u00e1tio do Vale\"},\"image\":{\"@id\":\"https:\\\/\\\/patiodovale.com\\\/fr\\\/#\\\/schema\\\/logo\\\/image\\\/\"}}]}<\/script>\n<!-- \/ Yoast SEO plugin. -->","yoast_head_json":{"title":"chambres | P\u00e1tio do Vale","robots":{"index":"index","follow":"follow","max-snippet":"max-snippet:-1","max-image-preview":"max-image-preview:large","max-video-preview":"max-video-preview:-1"},"canonical":"https:\/\/patiodovale.com\/fr\/chambres\/","og_locale":"fr_FR","og_type":"article","og_title":"chambres | P\u00e1tio do Vale","og_url":"https:\/\/patiodovale.com\/fr\/chambres\/","og_site_name":"P\u00e1tio do Vale","article_modified_time":"2025-01-20T11:22:51+00:00","twitter_card":"summary_large_image","twitter_misc":{"Dur\u00e9e de lecture estim\u00e9e":"1 minute"},"schema":{"@context":"https:\/\/schema.org","@graph":[{"@type":"WebPage","@id":"https:\/\/patiodovale.com\/fr\/chambres\/","url":"https:\/\/patiodovale.com\/fr\/chambres\/","name":"chambres | P\u00e1tio do Vale","isPartOf":{"@id":"https:\/\/patiodovale.com\/fr\/#website"},"datePublished":"2022-08-24T09:17:00+00:00","dateModified":"2025-01-20T11:22:51+00:00","breadcrumb":{"@id":"https:\/\/patiodovale.com\/fr\/chambres\/#breadcrumb"},"inLanguage":"fr-FR","potentialAction":[{"@type":"ReadAction","target":["https:\/\/patiodovale.com\/fr\/chambres\/"]}]},{"@type":"BreadcrumbList","@id":"https:\/\/patiodovale.com\/fr\/chambres\/#breadcrumb","itemListElement":[{"@type":"ListItem","position":1,"name":"Home","item":"https:\/\/patiodovale.com\/fr\/"},{"@type":"ListItem","position":2,"name":"chambres"}]},{"@type":"WebSite","@id":"https:\/\/patiodovale.com\/fr\/#website","url":"https:\/\/patiodovale.com\/fr\/","name":"P\u00e1tio do Vale","description":"A wonderful B&amp;B on the Portuguese Silver Coast","publisher":{"@id":"https:\/\/patiodovale.com\/fr\/#organization"},"potentialAction":[{"@type":"SearchAction","target":{"@type":"EntryPoint","urlTemplate":"https:\/\/patiodovale.com\/fr\/?s={search_term_string}"},"query-input":{"@type":"PropertyValueSpecification","valueRequired":true,"valueName":"search_term_string"}}],"inLanguage":"fr-FR"},{"@type":"Organization","@id":"https:\/\/patiodovale.com\/fr\/#organization","name":"P\u00e1tio do Vale","url":"https:\/\/patiodovale.com\/fr\/","logo":{"@type":"ImageObject","inLanguage":"fr-FR","@id":"https:\/\/patiodovale.com\/fr\/#\/schema\/logo\/image\/","url":"https:\/\/patiodovale.com\/wp-content\/uploads\/2022\/08\/logo-patio-do-vale-op-witte-basis-voor-header_400x440px_final.jpg","contentUrl":"https:\/\/patiodovale.com\/wp-content\/uploads\/2022\/08\/logo-patio-do-vale-op-witte-basis-voor-header_400x440px_final.jpg","width":1668,"height":1835,"caption":"P\u00e1tio do Vale"},"image":{"@id":"https:\/\/patiodovale.com\/fr\/#\/schema\/logo\/image\/"}}]}},"_links":{"self":[{"href":"https:\/\/patiodovale.com\/fr\/wp-json\/wp\/v2\/pages\/4327","targetHints":{"allow":["GET"]}}],"collection":[{"href":"https:\/\/patiodovale.com\/fr\/wp-json\/wp\/v2\/pages"}],"about":[{"href":"https:\/\/patiodovale.com\/fr\/wp-json\/wp\/v2\/types\/page"}],"author":[{"embeddable":true,"href":"https:\/\/patiodovale.com\/fr\/wp-json\/wp\/v2\/users\/3"}],"replies":[{"embeddable":true,"href":"https:\/\/patiodovale.com\/fr\/wp-json\/wp\/v2\/comments?post=4327"}],"version-history":[{"count":0,"href":"https:\/\/patiodovale.com\/fr\/wp-json\/wp\/v2\/pages\/4327\/revisions"}],"wp:attachment":[{"href":"https:\/\/patiodovale.com\/fr\/wp-json\/wp\/v2\/media?parent=4327"}],"curies":[{"name":"wp","href":"https:\/\/api.w.org\/{rel}","templated":true}]}}