{"id":4320,"date":"2022-09-05T11:59:47","date_gmt":"2022-09-05T10:59:47","guid":{"rendered":"https:\/\/patiodovale.com\/notre-histoire\/"},"modified":"2023-02-10T17:59:53","modified_gmt":"2023-02-10T17:59:53","slug":"notre-histoire","status":"publish","type":"page","link":"https:\/\/patiodovale.com\/fr\/notre-histoire\/","title":{"rendered":"notre histoire"},"content":{"rendered":"<section class=\"l-section wpb_row height_medium\"><div class=\"l-section-h i-cf\"><div class=\"g-cols vc_row via_flex valign_top type_default stacking_default\"><div class=\"vc_col-sm-6 wpb_column vc_column_container\"><div class=\"vc_column-inner\"><div class=\"wpb_wrapper\">[vc_custom_heading text=\u00a0\u00bbKatja Huizinga\u00a0\u00bb font_container=\u00a0\u00bbtag:h1|text_align:left\u00a0\u00bb use_theme_fonts=\u00a0\u00bbyes\u00a0\u00bb]<div class=\"g-cols wpb_row via_flex valign_top type_default stacking_default\"><div class=\"vc_col-sm-3\/5 wpb_column vc_column_container\"><div class=\"vc_column-inner\"><div class=\"wpb_wrapper\"><div class=\"wpb_text_column\"><div class=\"wpb_wrapper\"><p>Cr\u00e9atif, talent de organization et r\u00eaveuse par nature. Apr\u00e8s avoir travaill\u00e9 comme chef d&rsquo;entreprise dans l&rsquo;industrie d&rsquo;\u00e9v\u00e9nements pus de 15 ans, Katja a changer pour le tourisme il y a 4 ans. Depuis 2018 qu elle est co propri\u00e9taire de Rudy&rsquo;s Taxi Company en Hollande et depuis 2022 fi\u00e8rement propri\u00e9taire de B&amp;B P\u00e1tio do Vale Au Portugal, r\u00e9alisant finalement sont r\u00eave depuis longtemps mijoter.<\/p>\n<p>Elle a v\u00e9cu au Portugal de douze \u00e0 vingt-quatre ans et maintenant, vingt-cinq ans plus tard, elle est enfin de retour dans le pays qu&rsquo;elle aime tant.<\/p>\n<p>Katja est un esprit libre, une force de la nature. Elle aime dresser les manches et metres toutes les id\u00e9es cr\u00e9atives au quotidien. Soit red\u00e9corer la cuisine ,les chambres au soigner le jardin. Elle est exigent dans les d\u00e9tails et n\u2019 arrive pas \u00e0 vivre sans humeur, Portugal, amis et famille, bons repas bien arros\u00e9s, \u00eatre en plein air et rendre les gens heureux. E Pour finir, tr\u00e8s important aussi l&rsquo;amour pour son chien!<\/p>\n<\/div><\/div><\/div><\/div><\/div><div class=\"vc_col-sm-2\/5 wpb_column vc_column_container\"><div class=\"vc_column-inner\"><div class=\"wpb_wrapper\"><div class=\"w-image align_none\"><div class=\"w-image-h\"><img decoding=\"async\" width=\"369\" height=\"400\" src=\"https:\/\/patiodovale.com\/wp-content\/uploads\/2022\/12\/K-R-KATJA-cocktail-vector-zwart-369x400.png\" class=\"attachment-us_600_400 size-us_600_400\" alt=\"\" loading=\"lazy\" srcset=\"https:\/\/patiodovale.com\/wp-content\/uploads\/2022\/12\/K-R-KATJA-cocktail-vector-zwart-369x400.png 369w, https:\/\/patiodovale.com\/wp-content\/uploads\/2022\/12\/K-R-KATJA-cocktail-vector-zwart-277x300.png 277w, https:\/\/patiodovale.com\/wp-content\/uploads\/2022\/12\/K-R-KATJA-cocktail-vector-zwart-945x1024.png 945w, https:\/\/patiodovale.com\/wp-content\/uploads\/2022\/12\/K-R-KATJA-cocktail-vector-zwart-184x200.png 184w, https:\/\/patiodovale.com\/wp-content\/uploads\/2022\/12\/K-R-KATJA-cocktail-vector-zwart-161x175.png 161w\" sizes=\"auto, (max-width: 369px) 100vw, 369px\" \/><\/div><\/div><\/div><\/div><\/div><\/div><\/div><\/div><\/div><div class=\"vc_col-sm-6 wpb_column vc_column_container\"><div class=\"vc_column-inner\"><div class=\"wpb_wrapper\">[vc_custom_heading text=\u00a0\u00bbRuud Vlasman\u00a0\u00bb font_container=\u00a0\u00bbtag:h1|text_align:left\u00a0\u00bb use_theme_fonts=\u00a0\u00bbyes\u00a0\u00bb]<div class=\"g-cols wpb_row via_flex valign_top type_default stacking_default\"><div class=\"vc_col-sm-3\/5 wpb_column vc_column_container\"><div class=\"vc_column-inner\"><div class=\"wpb_wrapper\"><div class=\"wpb_text_column\"><div class=\"wpb_wrapper\"><p>Fondateur et propri\u00e9taire de Rudy&rsquo;s Taxi Company depuis 12ans. Plus encore Rudy (pour les amis) c\u2019est un grand musicien et un bon vivant avec qui nous pouvons avoir une bonne conversation et rire aux \u00e9clats anssi qu&rsquo;avec Katja et en portugais.<\/p>\n<p>Ruud connais bien son pays la Hollande car il est un guide touristique parfait, il aime promener ses clients en dehors des sentiers battu pour leur faire d\u00e9couvrir les tr\u00e9sors cach\u00e9s. Lui aussi il a quitt\u00e9 tout ses chemins de sa vie pour se lancer dans cette nouvelle aventure comme propri\u00e9taire du P\u00e1tio do Vale au Portugal.<\/p>\n<p>Rudy, aime les gens, voyager, bonne table, allumer le feux et de musique! <\/p>\n<\/div><\/div><\/div><\/div><\/div><div class=\"vc_col-sm-2\/5 wpb_column vc_column_container\"><div class=\"vc_column-inner\"><div class=\"wpb_wrapper\"><div class=\"w-image align_none\"><div class=\"w-image-h\"><img decoding=\"async\" width=\"246\" height=\"400\" src=\"https:\/\/patiodovale.com\/wp-content\/uploads\/2023\/01\/K-R-RUUD-surf-vector-zwart-246x400.png\" class=\"attachment-us_600_400 size-us_600_400\" alt=\"\" loading=\"lazy\" srcset=\"https:\/\/patiodovale.com\/wp-content\/uploads\/2023\/01\/K-R-RUUD-surf-vector-zwart-246x400.png 246w, https:\/\/patiodovale.com\/wp-content\/uploads\/2023\/01\/K-R-RUUD-surf-vector-zwart-184x300.png 184w, https:\/\/patiodovale.com\/wp-content\/uploads\/2023\/01\/K-R-RUUD-surf-vector-zwart-629x1024.png 629w, https:\/\/patiodovale.com\/wp-content\/uploads\/2023\/01\/K-R-RUUD-surf-vector-zwart-123x200.png 123w, https:\/\/patiodovale.com\/wp-content\/uploads\/2023\/01\/K-R-RUUD-surf-vector-zwart-108x175.png 108w\" sizes=\"auto, (max-width: 246px) 100vw, 246px\" \/><\/div><\/div><\/div><\/div><\/div><\/div><\/div><\/div><\/div><\/div><\/div><\/section>\n","protected":false},"excerpt":{"rendered":"[vc_custom_heading text=\"Katja Huizinga\" font_container=\"tag:h1|text_align:left\" use_theme_fonts=\"yes\"]Cr\u00e9atif, talent de organization et r\u00eaveuse par nature. Apr\u00e8s avoir travaill\u00e9 comme chef d&rsquo;entreprise dans l&rsquo;industrie d&rsquo;\u00e9v\u00e9nements pus de 15 ans, Katja a changer pour le tourisme il y a 4 ans. Depuis 2018 qu elle est co propri\u00e9taire de Rudy&rsquo;s Taxi Company en Hollande et depuis 2022 fi\u00e8rement propri\u00e9taire de...","protected":false},"author":3,"featured_media":0,"parent":0,"menu_order":0,"comment_status":"closed","ping_status":"closed","template":"","meta":{"_acf_changed":false,"footnotes":""},"class_list":["post-4320","page","type-page","status-publish","hentry"],"acf":[],"yoast_head":"<!-- This site is optimized with the Yoast SEO plugin v27.3 - https:\/\/yoast.com\/product\/yoast-seo-wordpress\/ -->\n<title>notre histoire | P\u00e1tio do Vale<\/title>\n<meta name=\"robots\" content=\"index, follow, max-snippet:-1, max-image-preview:large, max-video-preview:-1\" \/>\n<link rel=\"canonical\" href=\"https:\/\/patiodovale.com\/fr\/notre-histoire\/\" \/>\n<meta property=\"og:locale\" content=\"fr_FR\" \/>\n<meta property=\"og:type\" content=\"article\" \/>\n<meta property=\"og:title\" content=\"notre histoire | P\u00e1tio do Vale\" \/>\n<meta property=\"og:url\" content=\"https:\/\/patiodovale.com\/fr\/notre-histoire\/\" \/>\n<meta property=\"og:site_name\" content=\"P\u00e1tio do Vale\" \/>\n<meta property=\"article:modified_time\" content=\"2023-02-10T17:59:53+00:00\" \/>\n<meta name=\"twitter:card\" content=\"summary_large_image\" \/>\n<meta name=\"twitter:label1\" content=\"Dur\u00e9e de lecture estim\u00e9e\" \/>\n\t<meta name=\"twitter:data1\" content=\"2 minutes\" \/>\n<script type=\"application\/ld+json\" class=\"yoast-schema-graph\">{\"@context\":\"https:\\\/\\\/schema.org\",\"@graph\":[{\"@type\":\"WebPage\",\"@id\":\"https:\\\/\\\/patiodovale.com\\\/fr\\\/notre-histoire\\\/\",\"url\":\"https:\\\/\\\/patiodovale.com\\\/fr\\\/notre-histoire\\\/\",\"name\":\"notre histoire | P\u00e1tio do Vale\",\"isPartOf\":{\"@id\":\"https:\\\/\\\/patiodovale.com\\\/fr\\\/#website\"},\"datePublished\":\"2022-09-05T10:59:47+00:00\",\"dateModified\":\"2023-02-10T17:59:53+00:00\",\"breadcrumb\":{\"@id\":\"https:\\\/\\\/patiodovale.com\\\/fr\\\/notre-histoire\\\/#breadcrumb\"},\"inLanguage\":\"fr-FR\",\"potentialAction\":[{\"@type\":\"ReadAction\",\"target\":[\"https:\\\/\\\/patiodovale.com\\\/fr\\\/notre-histoire\\\/\"]}]},{\"@type\":\"BreadcrumbList\",\"@id\":\"https:\\\/\\\/patiodovale.com\\\/fr\\\/notre-histoire\\\/#breadcrumb\",\"itemListElement\":[{\"@type\":\"ListItem\",\"position\":1,\"name\":\"Home\",\"item\":\"https:\\\/\\\/patiodovale.com\\\/fr\\\/\"},{\"@type\":\"ListItem\",\"position\":2,\"name\":\"notre histoire\"}]},{\"@type\":\"WebSite\",\"@id\":\"https:\\\/\\\/patiodovale.com\\\/fr\\\/#website\",\"url\":\"https:\\\/\\\/patiodovale.com\\\/fr\\\/\",\"name\":\"P\u00e1tio do Vale\",\"description\":\"A wonderful B&amp;B on the Portuguese Silver Coast\",\"publisher\":{\"@id\":\"https:\\\/\\\/patiodovale.com\\\/fr\\\/#organization\"},\"potentialAction\":[{\"@type\":\"SearchAction\",\"target\":{\"@type\":\"EntryPoint\",\"urlTemplate\":\"https:\\\/\\\/patiodovale.com\\\/fr\\\/?s={search_term_string}\"},\"query-input\":{\"@type\":\"PropertyValueSpecification\",\"valueRequired\":true,\"valueName\":\"search_term_string\"}}],\"inLanguage\":\"fr-FR\"},{\"@type\":\"Organization\",\"@id\":\"https:\\\/\\\/patiodovale.com\\\/fr\\\/#organization\",\"name\":\"P\u00e1tio do Vale\",\"url\":\"https:\\\/\\\/patiodovale.com\\\/fr\\\/\",\"logo\":{\"@type\":\"ImageObject\",\"inLanguage\":\"fr-FR\",\"@id\":\"https:\\\/\\\/patiodovale.com\\\/fr\\\/#\\\/schema\\\/logo\\\/image\\\/\",\"url\":\"https:\\\/\\\/patiodovale.com\\\/wp-content\\\/uploads\\\/2022\\\/08\\\/logo-patio-do-vale-op-witte-basis-voor-header_400x440px_final.jpg\",\"contentUrl\":\"https:\\\/\\\/patiodovale.com\\\/wp-content\\\/uploads\\\/2022\\\/08\\\/logo-patio-do-vale-op-witte-basis-voor-header_400x440px_final.jpg\",\"width\":1668,\"height\":1835,\"caption\":\"P\u00e1tio do Vale\"},\"image\":{\"@id\":\"https:\\\/\\\/patiodovale.com\\\/fr\\\/#\\\/schema\\\/logo\\\/image\\\/\"}}]}<\/script>\n<!-- \/ Yoast SEO plugin. -->","yoast_head_json":{"title":"notre histoire | P\u00e1tio do Vale","robots":{"index":"index","follow":"follow","max-snippet":"max-snippet:-1","max-image-preview":"max-image-preview:large","max-video-preview":"max-video-preview:-1"},"canonical":"https:\/\/patiodovale.com\/fr\/notre-histoire\/","og_locale":"fr_FR","og_type":"article","og_title":"notre histoire | P\u00e1tio do Vale","og_url":"https:\/\/patiodovale.com\/fr\/notre-histoire\/","og_site_name":"P\u00e1tio do Vale","article_modified_time":"2023-02-10T17:59:53+00:00","twitter_card":"summary_large_image","twitter_misc":{"Dur\u00e9e de lecture estim\u00e9e":"2 minutes"},"schema":{"@context":"https:\/\/schema.org","@graph":[{"@type":"WebPage","@id":"https:\/\/patiodovale.com\/fr\/notre-histoire\/","url":"https:\/\/patiodovale.com\/fr\/notre-histoire\/","name":"notre histoire | P\u00e1tio do Vale","isPartOf":{"@id":"https:\/\/patiodovale.com\/fr\/#website"},"datePublished":"2022-09-05T10:59:47+00:00","dateModified":"2023-02-10T17:59:53+00:00","breadcrumb":{"@id":"https:\/\/patiodovale.com\/fr\/notre-histoire\/#breadcrumb"},"inLanguage":"fr-FR","potentialAction":[{"@type":"ReadAction","target":["https:\/\/patiodovale.com\/fr\/notre-histoire\/"]}]},{"@type":"BreadcrumbList","@id":"https:\/\/patiodovale.com\/fr\/notre-histoire\/#breadcrumb","itemListElement":[{"@type":"ListItem","position":1,"name":"Home","item":"https:\/\/patiodovale.com\/fr\/"},{"@type":"ListItem","position":2,"name":"notre histoire"}]},{"@type":"WebSite","@id":"https:\/\/patiodovale.com\/fr\/#website","url":"https:\/\/patiodovale.com\/fr\/","name":"P\u00e1tio do Vale","description":"A wonderful B&amp;B on the Portuguese Silver Coast","publisher":{"@id":"https:\/\/patiodovale.com\/fr\/#organization"},"potentialAction":[{"@type":"SearchAction","target":{"@type":"EntryPoint","urlTemplate":"https:\/\/patiodovale.com\/fr\/?s={search_term_string}"},"query-input":{"@type":"PropertyValueSpecification","valueRequired":true,"valueName":"search_term_string"}}],"inLanguage":"fr-FR"},{"@type":"Organization","@id":"https:\/\/patiodovale.com\/fr\/#organization","name":"P\u00e1tio do Vale","url":"https:\/\/patiodovale.com\/fr\/","logo":{"@type":"ImageObject","inLanguage":"fr-FR","@id":"https:\/\/patiodovale.com\/fr\/#\/schema\/logo\/image\/","url":"https:\/\/patiodovale.com\/wp-content\/uploads\/2022\/08\/logo-patio-do-vale-op-witte-basis-voor-header_400x440px_final.jpg","contentUrl":"https:\/\/patiodovale.com\/wp-content\/uploads\/2022\/08\/logo-patio-do-vale-op-witte-basis-voor-header_400x440px_final.jpg","width":1668,"height":1835,"caption":"P\u00e1tio do Vale"},"image":{"@id":"https:\/\/patiodovale.com\/fr\/#\/schema\/logo\/image\/"}}]}},"_links":{"self":[{"href":"https:\/\/patiodovale.com\/fr\/wp-json\/wp\/v2\/pages\/4320","targetHints":{"allow":["GET"]}}],"collection":[{"href":"https:\/\/patiodovale.com\/fr\/wp-json\/wp\/v2\/pages"}],"about":[{"href":"https:\/\/patiodovale.com\/fr\/wp-json\/wp\/v2\/types\/page"}],"author":[{"embeddable":true,"href":"https:\/\/patiodovale.com\/fr\/wp-json\/wp\/v2\/users\/3"}],"replies":[{"embeddable":true,"href":"https:\/\/patiodovale.com\/fr\/wp-json\/wp\/v2\/comments?post=4320"}],"version-history":[{"count":0,"href":"https:\/\/patiodovale.com\/fr\/wp-json\/wp\/v2\/pages\/4320\/revisions"}],"wp:attachment":[{"href":"https:\/\/patiodovale.com\/fr\/wp-json\/wp\/v2\/media?parent=4320"}],"curies":[{"name":"wp","href":"https:\/\/api.w.org\/{rel}","templated":true}]}}